{"id":425,"date":"2026-03-20T11:53:01","date_gmt":"2026-03-20T11:53:01","guid":{"rendered":"https:\/\/articmonpettito.articagency.net\/?page_id=425"},"modified":"2026-03-20T11:54:04","modified_gmt":"2026-03-20T11:54:04","slug":"politica-de-privacidad","status":"publish","type":"page","link":"https:\/\/articmonpettito.articagency.net\/ca\/politica-de-privacidad\/","title":{"rendered":"Pol\u00edtica de privacidad"},"content":{"rendered":"<div data-elementor-type=\"wp-page\" data-elementor-id=\"425\" class=\"elementor elementor-425\" data-elementor-post-type=\"page\">\n\t\t\t\t<div class=\"elementor-element elementor-element-bfd04e0 e-flex e-con-boxed e-con e-parent\" data-id=\"bfd04e0\" data-element_type=\"container\" data-e-type=\"container\">\n\t\t\t\t\t<div class=\"e-con-inner\">\n\t\t\t\t<div class=\"elementor-element elementor-element-8e7f4ef elementor-widget elementor-widget-heading\" data-id=\"8e7f4ef\" data-element_type=\"widget\" data-e-type=\"widget\" data-widget_type=\"heading.default\">\n\t\t\t\t\t<h1 class=\"elementor-heading-title elementor-size-default\">Pol\u00edtica de privacidad\n<\/h1>\t\t\t\t<\/div>\n\t\t\t\t<div class=\"elementor-element elementor-element-11ab8cb elementor-widget elementor-widget-text-editor\" data-id=\"11ab8cb\" data-element_type=\"widget\" data-e-type=\"widget\" data-widget_type=\"text-editor.default\">\n\t\t\t\t\t\t\t\t\t<h2>Informaci\u00f3n b\u00e1sica sobre Protecci\u00f3n de Datos<\/h2><p><b>Responsable:<\/b>\u00a0BELEN VALCARCE MARTINEZ<br \/><b>Finalidad:<\/b>\u00a0Gesti\u00f3n de usuarios web, Prestaci\u00f3n de servicios online, Comunicaciones comerciales relacionadas con nuestros servicios, Gesti\u00f3n de la compra o servicio contratado.<br \/><b>Legitimaci\u00f3n:<\/b>\u00a0Consentimiento expreso e inter\u00e9s leg\u00edtimo<br \/><b>Destinatarios:<\/b>\u00a0No se ceden datos a terceros, salvo obligaci\u00f3n legal<br \/><b>Derechos:<\/b>\u00a0Acceder, rectificar y suprimir los datos, as\u00ed como otros derechos, como se explica en la informaci\u00f3n adicional<br \/><b>Informaci\u00f3n adicional:<\/b>\u00a0Puede consultar la informaci\u00f3n adicional y detallada sobre Protecci\u00f3n de Datos en las cl\u00e1usulas anexas que se encuentran en\u00a0<a href=\"https:\/\/www.monpettito.com\/pol%C3%ADtica-de-privacidad.html\" target=\"_blank\" rel=\"noopener\">https:\/\/www.monpettito.com\/politica-de-privacidad.html<\/a><br \/><br \/>En BELEN VALCARCE MARTINEZ trabajamos para ofrecerte a trav\u00e9s de nuestros productos y servicios la mejor experiencia posible. En algunos casos, es necesario recabar informaci\u00f3n para conseguirlo. Nos importa tu privacidad y creemos que debemos ser transparentes al respecto.<br \/><br \/>Por ello, y a efectos de lo previsto en el REGLAMENTO (UE) 2016\/679 DEL PARLAMENTO EUROPEO Y DEL CONSEJO de 27 de abril de 2016 (en adelante, \u201cRGPD\u201d) relativo a la protecci\u00f3n de las personas f\u00edsicas en lo que respecta al tratamiento de datos personales y a la libre circulaci\u00f3n de estos datos, y la LEY 34\/2002, de 11 de julio, de Servicios de la Sociedad de la informaci\u00f3n y de comercio electr\u00f3nico (en adelante, \u201cLSSI\u201d), BELEN VALCARCE MARTINEZ informa al usuario que, como responsable del tratamiento, incorporar\u00e1 los datos de car\u00e1cter personal facilitados por los usuarios en un fichero automatizado.<br \/><br \/>Nuestro compromiso empieza por explicarte lo siguiente:<br \/><br \/><\/p><ul><li>Se recogen tus datos para que la experiencia de usuario mejore, atendiendo a tus intereses y necesidades.<\/li><li>Somos transparentes en relaci\u00f3n a los datos que obtenemos acerca de ti y la raz\u00f3n por la que lo hacemos.<\/li><li>Nuestra intenci\u00f3n es ofrecerte la mejor experiencia posible. Por ello, cuando vayamos a usar tu informaci\u00f3n personal lo haremos siempre cumpliendo la normativa, y cuando sea necesario, solicitaremos tu consentimiento.<\/li><li>Entendemos que tus datos te pertenecen. Por tanto, si decides no autorizarnos a procesarlos puedes solicitarnos que dejemos de tratarlos.<\/li><li>Nuestra prioridad consiste en garantizar tu seguridad y tratar tus datos de acuerdo con la normativa europea.<\/li><\/ul>\t\t\t\t\t\t\t\t<\/div>\n\t\t\t\t\t<\/div>\n\t\t\t\t<\/div>\n\t\t\t\t<\/div>","protected":false},"excerpt":{"rendered":"<p>Pol\u00edtica de privacidad Informaci\u00f3n b\u00e1sica sobre Protecci\u00f3n de Datos Responsable:\u00a0BELEN VALCARCE MARTINEZFinalidad:\u00a0Gesti\u00f3n de usuarios web, Prestaci\u00f3n de servicios online, Comunicaciones comerciales relacionadas con nuestros servicios, Gesti\u00f3n de la compra o servicio contratado.Legitimaci\u00f3n:\u00a0Consentimiento expreso e inter\u00e9s leg\u00edtimoDestinatarios:\u00a0No se ceden datos a terceros, salvo obligaci\u00f3n legalDerechos:\u00a0Acceder, rectificar y suprimir los datos, as\u00ed como otros derechos, como se [&hellip;]<\/p>\n","protected":false},"author":1,"featured_media":0,"parent":0,"menu_order":0,"comment_status":"closed","ping_status":"closed","template":"","meta":{"footnotes":""},"class_list":["post-425","page","type-page","status-publish","hentry"],"_links":{"self":[{"href":"https:\/\/articmonpettito.articagency.net\/ca\/wp-json\/wp\/v2\/pages\/425","targetHints":{"allow":["GET"]}}],"collection":[{"href":"https:\/\/articmonpettito.articagency.net\/ca\/wp-json\/wp\/v2\/pages"}],"about":[{"href":"https:\/\/articmonpettito.articagency.net\/ca\/wp-json\/wp\/v2\/types\/page"}],"author":[{"embeddable":true,"href":"https:\/\/articmonpettito.articagency.net\/ca\/wp-json\/wp\/v2\/users\/1"}],"replies":[{"embeddable":true,"href":"https:\/\/articmonpettito.articagency.net\/ca\/wp-json\/wp\/v2\/comments?post=425"}],"version-history":[{"count":4,"href":"https:\/\/articmonpettito.articagency.net\/ca\/wp-json\/wp\/v2\/pages\/425\/revisions"}],"predecessor-version":[{"id":429,"href":"https:\/\/articmonpettito.articagency.net\/ca\/wp-json\/wp\/v2\/pages\/425\/revisions\/429"}],"wp:attachment":[{"href":"https:\/\/articmonpettito.articagency.net\/ca\/wp-json\/wp\/v2\/media?parent=425"}],"curies":[{"name":"wp","href":"https:\/\/api.w.org\/{rel}","templated":true}]}}