{"id":1020,"date":"2026-04-21T17:37:41","date_gmt":"2026-04-21T17:37:41","guid":{"rendered":"https:\/\/articmonpettito.articagency.net\/12-nins-grapat\/"},"modified":"2026-05-01T17:31:11","modified_gmt":"2026-05-01T17:31:11","slug":"12-nins-grapat","status":"publish","type":"product","link":"https:\/\/articmonpettito.articagency.net\/ca\/12-nins-grapat\/","title":{"rendered":"12 NINS  &#8211; Grapat"},"content":{"rendered":"","protected":false},"excerpt":{"rendered":"<p >Contiene 12 Nins en 12 colores del Arco Iris.<\/p>\n<p >Edad recomendada +12 meses.<br \/>Inlcuye bolsa de tela con tejido Certificado GOT.<\/p>\n<p >Los 12 Nins se transforman en un material de juego simb\u00f3lico para la creaci\u00f3n de historias y la construcci\u00f3n de Mini Mundos. Adem\u00e1s, combinados con otros materiales pueden acompa\u00f1ar juegos matem\u00e1ticos, de lenguaje, sensoriales, etc. Se trata de un material no estructurado, lo cual permite hacer gran cantidad de usos.<br \/>No tienen ojos, ni g\u00e9nero, porque sean las criaturas que puedan desarrollar sus propias historias y ser ellos quienes decidan en qu\u00e9 personaje de transformar\u00e1n: un pirata? Un vampiro?<\/p>\n<p ><img \/>\u00a0<img \/>\u00a0<img \/><\/p>\n<h4 >Art\u00edculo fabricado bajo la norma de seguridad EN71<\/h4>\n<p><\/p>\n<p><\/p>","protected":false},"featured_media":1021,"comment_status":"open","ping_status":"closed","template":"","meta":[],"product_brand":[],"product_cat":[134,135,136,61,66,60,73,65],"product_tag":[],"class_list":{"0":"post-1020","1":"product","2":"type-product","3":"status-publish","4":"has-post-thumbnail","6":"product_cat-2-4-anos","7":"product_cat-4-6-anos","8":"product_cat-6-8-anos","9":"product_cat-construccion","10":"product_cat-juego-simbolico","11":"product_cat-juguetes","12":"product_cat-minimundos","13":"product_cat-piezas-sueltas","14":"pa_marca-grapat","15":"pa_sa_color-color-unico","16":"pa_sa_size-talla-unica","18":"first","19":"instock","20":"shipping-taxable","21":"product-type-variable"},"_links":{"self":[{"href":"https:\/\/articmonpettito.articagency.net\/ca\/wp-json\/wp\/v2\/product\/1020","targetHints":{"allow":["GET"]}}],"collection":[{"href":"https:\/\/articmonpettito.articagency.net\/ca\/wp-json\/wp\/v2\/product"}],"about":[{"href":"https:\/\/articmonpettito.articagency.net\/ca\/wp-json\/wp\/v2\/types\/product"}],"replies":[{"embeddable":true,"href":"https:\/\/articmonpettito.articagency.net\/ca\/wp-json\/wp\/v2\/comments?post=1020"}],"wp:featuredmedia":[{"embeddable":true,"href":"https:\/\/articmonpettito.articagency.net\/ca\/wp-json\/wp\/v2\/media\/1021"}],"wp:attachment":[{"href":"https:\/\/articmonpettito.articagency.net\/ca\/wp-json\/wp\/v2\/media?parent=1020"}],"wp:term":[{"taxonomy":"product_brand","embeddable":true,"href":"https:\/\/articmonpettito.articagency.net\/ca\/wp-json\/wp\/v2\/product_brand?post=1020"},{"taxonomy":"product_cat","embeddable":true,"href":"https:\/\/articmonpettito.articagency.net\/ca\/wp-json\/wp\/v2\/product_cat?post=1020"},{"taxonomy":"product_tag","embeddable":true,"href":"https:\/\/articmonpettito.articagency.net\/ca\/wp-json\/wp\/v2\/product_tag?post=1020"}],"curies":[{"name":"wp","href":"https:\/\/api.w.org\/{rel}","templated":true}]}}