{"id":1050,"date":"2026-04-21T17:38:26","date_gmt":"2026-04-21T17:38:26","guid":{"rendered":"https:\/\/articmonpettito.articagency.net\/conjunto-aguamarina-invierno-grapat\/"},"modified":"2026-05-01T17:31:11","modified_gmt":"2026-05-01T17:31:11","slug":"conjunto-aguamarina-invierno-grapat","status":"publish","type":"product","link":"https:\/\/articmonpettito.articagency.net\/ca\/conjunto-aguamarina-invierno-grapat\/","title":{"rendered":"CONJUNTO AGUAMARINA INVIERNO &#8211; Grapat"},"content":{"rendered":"","protected":false},"excerpt":{"rendered":"<p>La naturaleza es como un colorido \u00e1lbum de im\u00e1genes que nos regala una preciosa escena mes tras mes. Da igual donde vivamos, en el campo o en la ciudad, cada estaci\u00f3n tiene su propia belleza, colores y tesoros.<br \/>\n\u00bfY si los colocamos en una mesa de estaci\u00f3n, en ese rinc\u00f3n de casa en el que podemos seguir el ciclo del a\u00f1o?<br \/>\nSer\u00e1 como traer un trocito del mundo exterior al interior de nuestro hogar, llen\u00e1ndolo de colores y otros elementos naturales que podemos atesorar.<br \/>\nEste material les permitir\u00e1 vivenciar y apreciar las muchas maneras en que la naturaleza de su entorno evoluciona y cambia.<br \/>\nPor eso cada set de la serie Estaciones evoca una estaci\u00f3n y sus elementos se impregnan de los colores del ciclo de la vida.<\/p>\n<p>Cuando llega el invierno la naturaleza parece dormida y todo est\u00e1 cubierto de una capa de fr\u00edo, los colores son tan n\u00edtidos y claros como el aire invernal. Blancos, azules, grises y violetas, colores rociados de heladas brillantes en los lugares que hace mucho fr\u00edo\u2026<\/p>\n<p>Contiene: 3 nins, 3 nins con chistera, 3 mates, 9 anillas, 9 monedas.<\/p>\n<p><strong>Edad recomendada +12 meses.<\/strong><\/p>\n<p><img decoding=\"async\" class=\"alignnone wp-image-2585\" src=\"http:\/\/www.grapat.online\/wp-content\/uploads\/2016\/11\/Imagen-1-ce.png\" alt=\"imagen-1-ce\" width=\"69\" height=\"49\" \/> <img decoding=\"async\" class=\"alignnone wp-image-2586\" src=\"http:\/\/www.grapat.online\/wp-content\/uploads\/2016\/11\/Imagen-1-km-0.png\" alt=\"imagen-1-km-0\" width=\"58\" height=\"58\" \/>\u00a0<img decoding=\"async\" class=\"alignnone wp-image-6025\" src=\"http:\/\/www.grapat.eu\/wp-content\/uploads\/2015\/03\/pefc-logo_vertical.png\" alt=\"\" width=\"97\" height=\"55\" \/><\/p>\n<h4><span class=\"highlight-font\">Art\u00edculo fabricado bajo la norma de seguridad EN71<\/span><\/h4>","protected":false},"featured_media":1052,"comment_status":"open","ping_status":"closed","template":"","meta":[],"product_brand":[],"product_cat":[134,135,136,61,66,60,73,65],"product_tag":[],"class_list":{"0":"post-1050","1":"product","2":"type-product","3":"status-publish","4":"has-post-thumbnail","6":"product_cat-2-4-anos","7":"product_cat-4-6-anos","8":"product_cat-6-8-anos","9":"product_cat-construccion","10":"product_cat-juego-simbolico","11":"product_cat-juguetes","12":"product_cat-minimundos","13":"product_cat-piezas-sueltas","14":"pa_marca-grapat","15":"pa_sa_color-color-unico","16":"pa_sa_size-talla-unica","18":"first","19":"instock","20":"shipping-taxable","21":"product-type-variable"},"_links":{"self":[{"href":"https:\/\/articmonpettito.articagency.net\/ca\/wp-json\/wp\/v2\/product\/1050","targetHints":{"allow":["GET"]}}],"collection":[{"href":"https:\/\/articmonpettito.articagency.net\/ca\/wp-json\/wp\/v2\/product"}],"about":[{"href":"https:\/\/articmonpettito.articagency.net\/ca\/wp-json\/wp\/v2\/types\/product"}],"replies":[{"embeddable":true,"href":"https:\/\/articmonpettito.articagency.net\/ca\/wp-json\/wp\/v2\/comments?post=1050"}],"wp:featuredmedia":[{"embeddable":true,"href":"https:\/\/articmonpettito.articagency.net\/ca\/wp-json\/wp\/v2\/media\/1052"}],"wp:attachment":[{"href":"https:\/\/articmonpettito.articagency.net\/ca\/wp-json\/wp\/v2\/media?parent=1050"}],"wp:term":[{"taxonomy":"product_brand","embeddable":true,"href":"https:\/\/articmonpettito.articagency.net\/ca\/wp-json\/wp\/v2\/product_brand?post=1050"},{"taxonomy":"product_cat","embeddable":true,"href":"https:\/\/articmonpettito.articagency.net\/ca\/wp-json\/wp\/v2\/product_cat?post=1050"},{"taxonomy":"product_tag","embeddable":true,"href":"https:\/\/articmonpettito.articagency.net\/ca\/wp-json\/wp\/v2\/product_tag?post=1050"}],"curies":[{"name":"wp","href":"https:\/\/api.w.org\/{rel}","templated":true}]}}