{"id":1121,"date":"2026-04-21T17:39:34","date_gmt":"2026-04-21T17:39:34","guid":{"rendered":"https:\/\/articmonpettito.articagency.net\/ooh-lala-grapat\/"},"modified":"2026-05-01T17:31:11","modified_gmt":"2026-05-01T17:31:11","slug":"ooh-lala-grapat","status":"publish","type":"product","link":"https:\/\/articmonpettito.articagency.net\/ca\/ooh-lala-grapat\/","title":{"rendered":"Ooh-lala! GRAPAT"},"content":{"rendered":"","protected":false},"excerpt":{"rendered":"<p>\u00a13 figuras humanoides para animar cualquier momento de juego! \u00a1Ooh-lala! est\u00e1 inspirado en el movimiento art\u00edstico abstracto y sus distintivas combinaciones crom\u00e1ticas.<\/p>\n<p>\u00a1Adelante la diversi\u00f3n!<\/p>\n<p><b>EDAD RECOMENDADA:<br \/><\/b>+18 MESES<\/p>\n<p><b>REF:<\/b><br \/>22-234<\/p>\n<p><a href=\"https:\/\/www.grapat.eu\/app\/themes\/grapat\/assets\/img\/PEFC.pdf\"  ><img decoding=\"async\" src=\"https:\/\/www.grapat.eu\/app\/themes\/grapat\/assets\/img\/pefc.svg\" class=\"lazyloaded\"\/><span >\u00a0<\/span><img decoding=\"async\" src=\"https:\/\/www.grapat.eu\/app\/themes\/grapat\/assets\/img\/ce.svg\" class=\"lazyloaded\"\/><\/a><\/p>\n<p><a href=\"https:\/\/www.grapat.eu\/app\/themes\/grapat\/assets\/img\/PEFC.pdf\"  ><\/a><\/p>","protected":false},"featured_media":1124,"comment_status":"open","ping_status":"closed","template":"","meta":[],"product_brand":[],"product_cat":[134,135,136,61,66,60,73,65],"product_tag":[],"class_list":{"0":"post-1121","1":"product","2":"type-product","3":"status-publish","4":"has-post-thumbnail","6":"product_cat-2-4-anos","7":"product_cat-4-6-anos","8":"product_cat-6-8-anos","9":"product_cat-construccion","10":"product_cat-juego-simbolico","11":"product_cat-juguetes","12":"product_cat-minimundos","13":"product_cat-piezas-sueltas","14":"pa_marca-grapat","15":"pa_sa_color-color-unico","16":"pa_sa_tallas-talla-unica","18":"first","19":"instock","20":"shipping-taxable","21":"product-type-variable"},"_links":{"self":[{"href":"https:\/\/articmonpettito.articagency.net\/ca\/wp-json\/wp\/v2\/product\/1121","targetHints":{"allow":["GET"]}}],"collection":[{"href":"https:\/\/articmonpettito.articagency.net\/ca\/wp-json\/wp\/v2\/product"}],"about":[{"href":"https:\/\/articmonpettito.articagency.net\/ca\/wp-json\/wp\/v2\/types\/product"}],"replies":[{"embeddable":true,"href":"https:\/\/articmonpettito.articagency.net\/ca\/wp-json\/wp\/v2\/comments?post=1121"}],"wp:featuredmedia":[{"embeddable":true,"href":"https:\/\/articmonpettito.articagency.net\/ca\/wp-json\/wp\/v2\/media\/1124"}],"wp:attachment":[{"href":"https:\/\/articmonpettito.articagency.net\/ca\/wp-json\/wp\/v2\/media?parent=1121"}],"wp:term":[{"taxonomy":"product_brand","embeddable":true,"href":"https:\/\/articmonpettito.articagency.net\/ca\/wp-json\/wp\/v2\/product_brand?post=1121"},{"taxonomy":"product_cat","embeddable":true,"href":"https:\/\/articmonpettito.articagency.net\/ca\/wp-json\/wp\/v2\/product_cat?post=1121"},{"taxonomy":"product_tag","embeddable":true,"href":"https:\/\/articmonpettito.articagency.net\/ca\/wp-json\/wp\/v2\/product_tag?post=1121"}],"curies":[{"name":"wp","href":"https:\/\/api.w.org\/{rel}","templated":true}]}}