{"id":1142,"date":"2026-04-21T17:39:59","date_gmt":"2026-04-21T17:39:59","guid":{"rendered":"https:\/\/articmonpettito.articagency.net\/dear-universe-grapat\/"},"modified":"2026-05-01T17:31:12","modified_gmt":"2026-05-01T17:31:12","slug":"dear-universe-grapat","status":"publish","type":"product","link":"https:\/\/articmonpettito.articagency.net\/ca\/dear-universe-grapat\/","title":{"rendered":"DEAR UNIVERSE  GRAPAT"},"content":{"rendered":"<h4 >DEAR UNIVERSE contiene m\u00e1s de 40 piezas de madera \u2044 medidas desde 12 mm\u00f8 hasta 45 mm\u00f8. Este conjunto se puede combinar con el Calendario Semanal 17-168.<\/h4>","protected":false},"excerpt":{"rendered":"<h4><\/h4>\n<h4>Explora el espacio exterior con nuestros planetas. Adem\u00e1s de ser objetos para jugar sin l\u00edmites, los planetas tambi\u00e9n funcionan como un complemento perfecto para nuestro calendario semanal. Como los d\u00edas de la semana originalmente llevaban nombres de planetas, puedes unirlos todos.<\/h4>\n<h4>\u200b<\/h4>","protected":false},"featured_media":1143,"comment_status":"open","ping_status":"closed","template":"","meta":[],"product_brand":[],"product_cat":[134,135,136,61,66,60,73,65],"product_tag":[],"class_list":{"0":"post-1142","1":"product","2":"type-product","3":"status-publish","4":"has-post-thumbnail","6":"product_cat-2-4-anos","7":"product_cat-4-6-anos","8":"product_cat-6-8-anos","9":"product_cat-construccion","10":"product_cat-juego-simbolico","11":"product_cat-juguetes","12":"product_cat-minimundos","13":"product_cat-piezas-sueltas","14":"pa_marca-grapat","15":"pa_sa_color-color-unico","16":"pa_sa_size-talla-unica","18":"first","19":"outofstock","20":"shipping-taxable","21":"product-type-variable"},"_links":{"self":[{"href":"https:\/\/articmonpettito.articagency.net\/ca\/wp-json\/wp\/v2\/product\/1142","targetHints":{"allow":["GET"]}}],"collection":[{"href":"https:\/\/articmonpettito.articagency.net\/ca\/wp-json\/wp\/v2\/product"}],"about":[{"href":"https:\/\/articmonpettito.articagency.net\/ca\/wp-json\/wp\/v2\/types\/product"}],"replies":[{"embeddable":true,"href":"https:\/\/articmonpettito.articagency.net\/ca\/wp-json\/wp\/v2\/comments?post=1142"}],"wp:featuredmedia":[{"embeddable":true,"href":"https:\/\/articmonpettito.articagency.net\/ca\/wp-json\/wp\/v2\/media\/1143"}],"wp:attachment":[{"href":"https:\/\/articmonpettito.articagency.net\/ca\/wp-json\/wp\/v2\/media?parent=1142"}],"wp:term":[{"taxonomy":"product_brand","embeddable":true,"href":"https:\/\/articmonpettito.articagency.net\/ca\/wp-json\/wp\/v2\/product_brand?post=1142"},{"taxonomy":"product_cat","embeddable":true,"href":"https:\/\/articmonpettito.articagency.net\/ca\/wp-json\/wp\/v2\/product_cat?post=1142"},{"taxonomy":"product_tag","embeddable":true,"href":"https:\/\/articmonpettito.articagency.net\/ca\/wp-json\/wp\/v2\/product_tag?post=1142"}],"curies":[{"name":"wp","href":"https:\/\/api.w.org\/{rel}","templated":true}]}}