{"id":1171,"date":"2026-04-21T17:40:32","date_gmt":"2026-04-21T17:40:32","guid":{"rendered":"https:\/\/articmonpettito.articagency.net\/snowy-buddy-grapat\/"},"modified":"2026-05-01T17:31:12","modified_gmt":"2026-05-01T17:31:12","slug":"snowy-buddy-grapat","status":"publish","type":"product","link":"https:\/\/articmonpettito.articagency.net\/ca\/snowy-buddy-grapat\/","title":{"rendered":"Snowy Buddy &#8211; GRAPAT"},"content":{"rendered":"","protected":false},"excerpt":{"rendered":"<p><span>\u00a1Di hola a estos 3 amigos!<\/span><\/p>\n<p><span>Tanto si te est\u00e1s preparando para la temporada festiva, organizando una fiesta, o simplemente quieres hacer tu espacio m\u00e1s divertido, estas cajas de ornamentos son tu oportunidad para convertir cualquier lugar en un espacio de juego m\u00e1gico. \u00a1Que empiece la decoraci\u00f3n!<\/span><\/p>\n<p>La Caja N\u00ba1 contiene 3 figuras compuestas por bolitas pintadas a mano (incluye hilo para colgar).<\/p>\n<p>+ 36 meses.<\/p>","protected":false},"featured_media":1177,"comment_status":"open","ping_status":"closed","template":"","meta":[],"product_brand":[],"product_cat":[134,135,61,60,65],"product_tag":[],"class_list":{"0":"post-1171","1":"product","2":"type-product","3":"status-publish","4":"has-post-thumbnail","6":"product_cat-2-4-anos","7":"product_cat-4-6-anos","8":"product_cat-construccion","9":"product_cat-juguetes","10":"product_cat-piezas-sueltas","11":"pa_marca-grapat","12":"pa_sa_color-color-unico","13":"pa_sa_size-talla-unica","15":"first","16":"instock","17":"shipping-taxable","18":"product-type-variable"},"_links":{"self":[{"href":"https:\/\/articmonpettito.articagency.net\/ca\/wp-json\/wp\/v2\/product\/1171","targetHints":{"allow":["GET"]}}],"collection":[{"href":"https:\/\/articmonpettito.articagency.net\/ca\/wp-json\/wp\/v2\/product"}],"about":[{"href":"https:\/\/articmonpettito.articagency.net\/ca\/wp-json\/wp\/v2\/types\/product"}],"replies":[{"embeddable":true,"href":"https:\/\/articmonpettito.articagency.net\/ca\/wp-json\/wp\/v2\/comments?post=1171"}],"wp:featuredmedia":[{"embeddable":true,"href":"https:\/\/articmonpettito.articagency.net\/ca\/wp-json\/wp\/v2\/media\/1177"}],"wp:attachment":[{"href":"https:\/\/articmonpettito.articagency.net\/ca\/wp-json\/wp\/v2\/media?parent=1171"}],"wp:term":[{"taxonomy":"product_brand","embeddable":true,"href":"https:\/\/articmonpettito.articagency.net\/ca\/wp-json\/wp\/v2\/product_brand?post=1171"},{"taxonomy":"product_cat","embeddable":true,"href":"https:\/\/articmonpettito.articagency.net\/ca\/wp-json\/wp\/v2\/product_cat?post=1171"},{"taxonomy":"product_tag","embeddable":true,"href":"https:\/\/articmonpettito.articagency.net\/ca\/wp-json\/wp\/v2\/product_tag?post=1171"}],"curies":[{"name":"wp","href":"https:\/\/api.w.org\/{rel}","templated":true}]}}