{"id":1187,"date":"2026-04-21T17:40:59","date_gmt":"2026-04-21T17:40:59","guid":{"rendered":"https:\/\/articmonpettito.articagency.net\/calendario-de-adviento-grapat\/"},"modified":"2026-05-01T17:31:12","modified_gmt":"2026-05-01T17:31:12","slug":"calendario-de-adviento-grapat","status":"publish","type":"product","link":"https:\/\/articmonpettito.articagency.net\/ca\/calendario-de-adviento-grapat\/","title":{"rendered":"Calendario de Adviento &#8211; GRAPAT"},"content":{"rendered":"","protected":false},"excerpt":{"rendered":"<h5>Una nueva edici\u00f3n limitada del calendario de adviento, creada con intenci\u00f3n, calma y algo de magia silenciosa. En su interior encontrar\u00e1s peque\u00f1os compa\u00f1eros, delicadas sorpresas y objetos que invitan a la calma. Este a\u00f1o, honramos la quietud: aquellos momentos suaves y sin prisas donde la presencia es suficiente. Sin urgencias, sin ruido, s\u00f3lo espacio para respirar, observar y ser. Cada d\u00eda se abre como un suspiro, ofreciendo una pausa, un peque\u00f1o ritual o una sonrisa que no sab\u00edas que necesitabas. Nos moveremos con suavidad por los reinos familiares \u2013mineral, vegetal, animal y humano\u2013 mientras el mundo exterior se acelera, nosotros reducimos la velocidad. Que ese calendario sea una gu\u00eda amable durante toda la temporada. Un recordatorio de que el descanso es sagrado, de que la simplicidad tiene belleza y de que los momentos de quietud pueden convertirse en los recuerdos m\u00e1s significativos.<\/h5>\n<p><span>DETALLES<\/span><\/p>\n<h5>M\u00e1s de 180 piezas en distintos materiales: madera, tela, hilos, lana y mucho m\u00e1s. La caja tambi\u00e9n incluye un libro con invitaciones a jugar, crear y compartir tiempo juntos. Est\u00e1 presentada en 8 idiomas entre los que puedes elegir (cada folleto incluye 1 idioma, excepto Catal\u00e0-Espanyol). Catal\u00e1n+Espanyol, Ingl\u00e9s, Alem\u00e1n, Italiano, Franc\u00e9s, Japon\u00e9s, Holand\u00e9s y Chino. En la caja tambi\u00e9n encontrar\u00e1s un c\u00edrculo de cart\u00f3n original que puede usarse como corona de Adviento, con peque\u00f1os puntos que ir\u00e1s descubriendo mientras se abren las cajas numeradas d\u00eda a d\u00eda.<\/h5>\n<p>+ 3 a\u00f1os<\/p>\n<p><\/p>\n<p><\/p>\n<p><\/p>","protected":false},"featured_media":1195,"comment_status":"open","ping_status":"closed","template":"","meta":[],"product_brand":[],"product_cat":[134,135,61,60,65],"product_tag":[],"class_list":{"0":"post-1187","1":"product","2":"type-product","3":"status-publish","4":"has-post-thumbnail","6":"product_cat-2-4-anos","7":"product_cat-4-6-anos","8":"product_cat-construccion","9":"product_cat-juguetes","10":"product_cat-piezas-sueltas","11":"pa_marca-grapat","12":"pa_sa_color-color-unico","13":"pa_sa_size-talla-unica","15":"first","16":"outofstock","17":"shipping-taxable","18":"product-type-variable"},"_links":{"self":[{"href":"https:\/\/articmonpettito.articagency.net\/ca\/wp-json\/wp\/v2\/product\/1187","targetHints":{"allow":["GET"]}}],"collection":[{"href":"https:\/\/articmonpettito.articagency.net\/ca\/wp-json\/wp\/v2\/product"}],"about":[{"href":"https:\/\/articmonpettito.articagency.net\/ca\/wp-json\/wp\/v2\/types\/product"}],"replies":[{"embeddable":true,"href":"https:\/\/articmonpettito.articagency.net\/ca\/wp-json\/wp\/v2\/comments?post=1187"}],"wp:featuredmedia":[{"embeddable":true,"href":"https:\/\/articmonpettito.articagency.net\/ca\/wp-json\/wp\/v2\/media\/1195"}],"wp:attachment":[{"href":"https:\/\/articmonpettito.articagency.net\/ca\/wp-json\/wp\/v2\/media?parent=1187"}],"wp:term":[{"taxonomy":"product_brand","embeddable":true,"href":"https:\/\/articmonpettito.articagency.net\/ca\/wp-json\/wp\/v2\/product_brand?post=1187"},{"taxonomy":"product_cat","embeddable":true,"href":"https:\/\/articmonpettito.articagency.net\/ca\/wp-json\/wp\/v2\/product_cat?post=1187"},{"taxonomy":"product_tag","embeddable":true,"href":"https:\/\/articmonpettito.articagency.net\/ca\/wp-json\/wp\/v2\/product_tag?post=1187"}],"curies":[{"name":"wp","href":"https:\/\/api.w.org\/{rel}","templated":true}]}}