{"id":1241,"date":"2026-04-21T17:41:55","date_gmt":"2026-04-21T17:41:55","guid":{"rendered":"https:\/\/articmonpettito.articagency.net\/veggies-grapat\/"},"modified":"2026-05-01T17:31:12","modified_gmt":"2026-05-01T17:31:12","slug":"veggies-grapat","status":"publish","type":"product","link":"https:\/\/articmonpettito.articagency.net\/ca\/veggies-grapat\/","title":{"rendered":"Veggies &#8211; Grapat"},"content":{"rendered":"","protected":false},"excerpt":{"rendered":"<h5><\/h5>\n<h5><\/h5>\n<h5><\/h5>\n<h5><\/h5>\n<h5><\/h5>\n<h5><\/h5>\n<h5><\/h5>\n<h5>\u00a1Es hora de divertirse! \u00bfQu\u00e9 har\u00e1s? Estas verduras de madera pintadas a mano llevan la cosecha m\u00e1s fresca del huerto directamente a la hora del juego. Zanahorias crujientes, tomates carnosos y verduras de hoja verde invitan a los ni\u00f1os a cortar, clasificar y mezclar todo tipo de alimentos, fomentando el juego simb\u00f3lico. Ya sea un d\u00eda ajetreado en el mercado o una cena familiar, estas verduras a\u00f1aden un toque colorido y sabroso a cualquier experiencia de juego.<\/h5>\n<h5>Incluye: 12 piezas de diferentes formas con alturas que van desde los 12 mm hasta los 40<\/h5>\n<p><span >EDAD:\u00a0\u00a0<\/span><span >+36 MESES<\/span><span >\u200b<\/span><\/p>\n<p><\/p>\n<h5><\/h5>\n<p>\u200b<\/p>\n<p><\/p>\n<h5><\/h5>\n<h5>\u200b<\/h5>\n<h5><\/h5>\n<h5><\/h5>\n<h5>\u200b<\/h5>\n<h5><\/h5>","protected":false},"featured_media":1248,"comment_status":"open","ping_status":"closed","template":"","meta":[],"product_brand":[],"product_cat":[134,135,136,61,66,60,73,65,130],"product_tag":[186],"class_list":{"0":"post-1241","1":"product","2":"type-product","3":"status-publish","4":"has-post-thumbnail","6":"product_cat-2-4-anos","7":"product_cat-4-6-anos","8":"product_cat-6-8-anos","9":"product_cat-construccion","10":"product_cat-juego-simbolico","11":"product_cat-juguetes","12":"product_cat-minimundos","13":"product_cat-piezas-sueltas","14":"product_cat-por-edad","15":"product_tag-6-12-meses","16":"pa_marca-grapat","17":"pa_sa_color-color-unico","18":"pa_sa_size-talla-unica","20":"first","21":"outofstock","22":"shipping-taxable","23":"product-type-variable"},"_links":{"self":[{"href":"https:\/\/articmonpettito.articagency.net\/ca\/wp-json\/wp\/v2\/product\/1241","targetHints":{"allow":["GET"]}}],"collection":[{"href":"https:\/\/articmonpettito.articagency.net\/ca\/wp-json\/wp\/v2\/product"}],"about":[{"href":"https:\/\/articmonpettito.articagency.net\/ca\/wp-json\/wp\/v2\/types\/product"}],"replies":[{"embeddable":true,"href":"https:\/\/articmonpettito.articagency.net\/ca\/wp-json\/wp\/v2\/comments?post=1241"}],"wp:featuredmedia":[{"embeddable":true,"href":"https:\/\/articmonpettito.articagency.net\/ca\/wp-json\/wp\/v2\/media\/1248"}],"wp:attachment":[{"href":"https:\/\/articmonpettito.articagency.net\/ca\/wp-json\/wp\/v2\/media?parent=1241"}],"wp:term":[{"taxonomy":"product_brand","embeddable":true,"href":"https:\/\/articmonpettito.articagency.net\/ca\/wp-json\/wp\/v2\/product_brand?post=1241"},{"taxonomy":"product_cat","embeddable":true,"href":"https:\/\/articmonpettito.articagency.net\/ca\/wp-json\/wp\/v2\/product_cat?post=1241"},{"taxonomy":"product_tag","embeddable":true,"href":"https:\/\/articmonpettito.articagency.net\/ca\/wp-json\/wp\/v2\/product_tag?post=1241"}],"curies":[{"name":"wp","href":"https:\/\/api.w.org\/{rel}","templated":true}]}}