{"id":1258,"date":"2026-04-21T17:42:08","date_gmt":"2026-04-21T17:42:08","guid":{"rendered":"https:\/\/articmonpettito.articagency.net\/calendario-perpetuo-grapat\/"},"modified":"2026-04-21T17:42:15","modified_gmt":"2026-04-21T17:42:15","slug":"calendario-perpetuo-grapat","status":"publish","type":"product","link":"https:\/\/articmonpettito.articagency.net\/ca\/calendario-perpetuo-grapat\/","title":{"rendered":"Calendario Perpetuo GRAPAT"},"content":{"rendered":"<\/p>\n<p>Contiene 12 Nins\u00ae en 12 colores de acuerdo con la pedagog\u00eda Waldorf, tanto para determinar el mes y su estaci\u00f3n del a\u00f1o. 1 cuenco de madera de haya natural, dos dados de madera de haya natural con los n\u00fameros de los d\u00edas impresos y una plataforma distribuida en 4 secciones que determinan las estaciones, estampadas con los meses del a\u00f1o. Los meses del a\u00f1o se presentan en diferentes idiomas (catal\u00e1n, castellano , ingl\u00e9s, franc\u00e9s, italiano, alem\u00e1n, holand\u00e9s, gal\u00e9s, gallego, euskera, bret\u00f3n, estonio, portugu\u00e9s, sueco, dan\u00e9s, noruego, griego y polaco).<\/p>\n<p>Edad recomendada: +12 meses<\/p>\n<p>Calendario manipulativo y activo anual que permite al ni\u00f1o tocar el a\u00f1o y comprender el paso del tiempo a trav\u00e9s de la experiencia.<\/p><\/p>","protected":false},"excerpt":{"rendered":"<p>Contiene 12 Nins en 12 colores, 1 bol, dos cubos de madera natural y una plataforma distribuida en 4 secciones que determinan las estaciones, estampadas con los meses del a\u00f1o.<\/p>\n<p>Calendario perpetuo anual manipulable y activo que permite al ni\u00f1o tocar el a\u00f1o y comprender el paso del tiempo a trav\u00e9s de la experiencia.<span><\/span><\/p>\n<p><span><br \/><\/span><\/p>\n<p><span><b>EDAD RECOMENDADA:<br \/><\/b><span>+12 MESES<\/span><br \/><\/span><\/p>","protected":false},"featured_media":1269,"comment_status":"open","ping_status":"closed","template":"","meta":[],"product_brand":[],"product_cat":[134,135,61,60,65],"product_tag":[],"class_list":{"0":"post-1258","1":"product","2":"type-product","3":"status-publish","4":"has-post-thumbnail","6":"product_cat-2-4-anos","7":"product_cat-4-6-anos","8":"product_cat-construccion","9":"product_cat-juguetes","10":"product_cat-piezas-sueltas","11":"pa_marca-grapat","12":"pa_sa_color-color-unico","13":"pa_sa_size-talla-unica","15":"first","16":"instock","17":"shipping-taxable","18":"purchasable","19":"product-type-simple"},"_links":{"self":[{"href":"https:\/\/articmonpettito.articagency.net\/ca\/wp-json\/wp\/v2\/product\/1258","targetHints":{"allow":["GET"]}}],"collection":[{"href":"https:\/\/articmonpettito.articagency.net\/ca\/wp-json\/wp\/v2\/product"}],"about":[{"href":"https:\/\/articmonpettito.articagency.net\/ca\/wp-json\/wp\/v2\/types\/product"}],"replies":[{"embeddable":true,"href":"https:\/\/articmonpettito.articagency.net\/ca\/wp-json\/wp\/v2\/comments?post=1258"}],"wp:featuredmedia":[{"embeddable":true,"href":"https:\/\/articmonpettito.articagency.net\/ca\/wp-json\/wp\/v2\/media\/1269"}],"wp:attachment":[{"href":"https:\/\/articmonpettito.articagency.net\/ca\/wp-json\/wp\/v2\/media?parent=1258"}],"wp:term":[{"taxonomy":"product_brand","embeddable":true,"href":"https:\/\/articmonpettito.articagency.net\/ca\/wp-json\/wp\/v2\/product_brand?post=1258"},{"taxonomy":"product_cat","embeddable":true,"href":"https:\/\/articmonpettito.articagency.net\/ca\/wp-json\/wp\/v2\/product_cat?post=1258"},{"taxonomy":"product_tag","embeddable":true,"href":"https:\/\/articmonpettito.articagency.net\/ca\/wp-json\/wp\/v2\/product_tag?post=1258"}],"curies":[{"name":"wp","href":"https:\/\/api.w.org\/{rel}","templated":true}]}}