{"id":1289,"date":"2026-04-21T17:50:38","date_gmt":"2026-04-21T17:50:38","guid":{"rendered":"https:\/\/articmonpettito.articagency.net\/libro-the-best-of-kapla\/"},"modified":"2026-04-21T17:50:44","modified_gmt":"2026-04-21T17:50:44","slug":"libro-the-best-of-kapla","status":"publish","type":"product","link":"https:\/\/articmonpettito.articagency.net\/ca\/libro-the-best-of-kapla\/","title":{"rendered":"LIBRO the best of KAPLA"},"content":{"rendered":"","protected":false},"excerpt":{"rendered":"<\/p>\n<h5><strong>El Best of KAPLA\u00ae \u2013 \u00a1Un libro de colecci\u00f3n que no te puedes perder!<\/strong><\/h5>\n<h5>Sum\u00e9rgete en el fascinante universo de KAPLA\u00ae con este Best of creado por Tom van der Bruggen, el inventor de la ic\u00f3nica tablilla de madera. Este libro \u00fanico re\u00fane las<span>\u00a0<\/span><strong>construcciones m\u00e1s impresionantes<\/strong><span>\u00a0<\/span>realizadas por apasionados, ya sean aficionados o artistas consagrados.<\/h5>\n<h5>Estas obras extraordinarias muestran las<span>\u00a0<\/span><strong>infinitas posibilidades de construcci\u00f3n<\/strong><span>\u00a0<\/span>que ofrece la ic\u00f3nica tablilla de pino de las Landas. Ya seas un constructor experimentado o est\u00e9s descubriendo el mundo de KAPLA\u00ae, este \u00ab<strong>BEST OF KAPLA\u00ae<\/strong>\u00bb despertar\u00e1 tu<span>\u00a0<\/span><strong>imaginaci\u00f3n y creatividad<\/strong>.<\/h5>\n<p><\/p>\n<p><\/p>\n<\/p>\n<p><i><\/i><\/p>\n<\/p>\n<p><\/p>","protected":false},"featured_media":1290,"comment_status":"open","ping_status":"closed","template":"","meta":[],"product_brand":[],"product_cat":[137,136,61,63,60],"product_tag":[180,181],"class_list":{"0":"post-1289","1":"product","2":"type-product","3":"status-publish","4":"has-post-thumbnail","6":"product_cat-10-anos","7":"product_cat-6-8-anos","8":"product_cat-construccion","9":"product_cat-construccion-en-madera-y-materiales-naturales","10":"product_cat-juguetes","11":"product_tag-6-8-anos-8-10-anos","12":"product_tag-kapla","13":"pa_marca-kapla","14":"pa_sa_color-color-unico","15":"pa_sa_tallas-talla-unica","17":"first","18":"instock","19":"shipping-taxable","20":"purchasable","21":"product-type-simple"},"_links":{"self":[{"href":"https:\/\/articmonpettito.articagency.net\/ca\/wp-json\/wp\/v2\/product\/1289","targetHints":{"allow":["GET"]}}],"collection":[{"href":"https:\/\/articmonpettito.articagency.net\/ca\/wp-json\/wp\/v2\/product"}],"about":[{"href":"https:\/\/articmonpettito.articagency.net\/ca\/wp-json\/wp\/v2\/types\/product"}],"replies":[{"embeddable":true,"href":"https:\/\/articmonpettito.articagency.net\/ca\/wp-json\/wp\/v2\/comments?post=1289"}],"wp:featuredmedia":[{"embeddable":true,"href":"https:\/\/articmonpettito.articagency.net\/ca\/wp-json\/wp\/v2\/media\/1290"}],"wp:attachment":[{"href":"https:\/\/articmonpettito.articagency.net\/ca\/wp-json\/wp\/v2\/media?parent=1289"}],"wp:term":[{"taxonomy":"product_brand","embeddable":true,"href":"https:\/\/articmonpettito.articagency.net\/ca\/wp-json\/wp\/v2\/product_brand?post=1289"},{"taxonomy":"product_cat","embeddable":true,"href":"https:\/\/articmonpettito.articagency.net\/ca\/wp-json\/wp\/v2\/product_cat?post=1289"},{"taxonomy":"product_tag","embeddable":true,"href":"https:\/\/articmonpettito.articagency.net\/ca\/wp-json\/wp\/v2\/product_tag?post=1289"}],"curies":[{"name":"wp","href":"https:\/\/api.w.org\/{rel}","templated":true}]}}