{"id":27,"date":"2026-03-10T14:26:19","date_gmt":"2026-03-10T14:26:19","guid":{"rendered":"https:\/\/articmonpettito.articagency.net\/?post_type=product&#038;p=27"},"modified":"2026-03-13T09:50:02","modified_gmt":"2026-03-13T09:50:02","slug":"muneca-coco-maha-soft-nines-d-onil","status":"publish","type":"product","link":"https:\/\/articmonpettito.articagency.net\/ca\/muneca-coco-maha-soft-nines-d-onil\/","title":{"rendered":"MU\u00d1ECA COCO MAHA Soft NINES D\u00b4ONIL"},"content":{"rendered":"<p>Se trata de un mu\u00f1eco que favorece el juego simb\u00f3lico, ayudando a desarrollar cualidad como el <i>valor afectivo<\/i> y la <i>expresi\u00f3n de sentimientos<\/i>. Asimismo, tambi\u00e9n estimula el <i>lenguaje<\/i>, la <i>imaginaci\u00f3n <\/i>y la propia <i>autonom\u00eda<\/i>. Adem\u00e1s, como este producto es especial para la primera infancia, es perfecto para servir de mu\u00f1eco de apego y generar un ambiente de bienestar emocional para los m\u00e1s peque\u00f1os.<\/p>","protected":false},"excerpt":{"rendered":"<p>Su primer mu\u00f1eco de apego, ideal primera infancia. Su aroma suave a vainilla que crea un ambiente de bienestar emocional.<\/p>\n<p>Mu\u00f1ecas que ademas muestran referentes racionalizadas con cuerpo blandito y extremidades de vinilo.<\/p>\n<p>Tienen un tama\u00f1o de 31cm.<\/p>\n<p>&nbsp;<\/p>","protected":false},"featured_media":28,"comment_status":"open","ping_status":"closed","template":"","meta":[],"product_brand":[],"product_cat":[15],"product_tag":[],"class_list":{"0":"post-27","1":"product","2":"type-product","3":"status-publish","4":"has-post-thumbnail","6":"product_cat-sin-categorizar","7":"pa_marca-nines-donil","8":"pa_sa_ninesmahasoft-flores-coral","9":"pa_sa_ninesmahasoft-mostaza","10":"pa_sa_ninesmahasoft-verde","11":"pa_sa_ninesmahasoft-vichy","12":"pa_sa_tallas-talla-unica","14":"first","15":"instock","16":"shipping-taxable","17":"purchasable","18":"product-type-variable"},"_links":{"self":[{"href":"https:\/\/articmonpettito.articagency.net\/ca\/wp-json\/wp\/v2\/product\/27","targetHints":{"allow":["GET"]}}],"collection":[{"href":"https:\/\/articmonpettito.articagency.net\/ca\/wp-json\/wp\/v2\/product"}],"about":[{"href":"https:\/\/articmonpettito.articagency.net\/ca\/wp-json\/wp\/v2\/types\/product"}],"replies":[{"embeddable":true,"href":"https:\/\/articmonpettito.articagency.net\/ca\/wp-json\/wp\/v2\/comments?post=27"}],"wp:featuredmedia":[{"embeddable":true,"href":"https:\/\/articmonpettito.articagency.net\/ca\/wp-json\/wp\/v2\/media\/28"}],"wp:attachment":[{"href":"https:\/\/articmonpettito.articagency.net\/ca\/wp-json\/wp\/v2\/media?parent=27"}],"wp:term":[{"taxonomy":"product_brand","embeddable":true,"href":"https:\/\/articmonpettito.articagency.net\/ca\/wp-json\/wp\/v2\/product_brand?post=27"},{"taxonomy":"product_cat","embeddable":true,"href":"https:\/\/articmonpettito.articagency.net\/ca\/wp-json\/wp\/v2\/product_cat?post=27"},{"taxonomy":"product_tag","embeddable":true,"href":"https:\/\/articmonpettito.articagency.net\/ca\/wp-json\/wp\/v2\/product_tag?post=27"}],"curies":[{"name":"wp","href":"https:\/\/api.w.org\/{rel}","templated":true}]}}