{"id":519,"date":"2026-04-19T18:06:51","date_gmt":"2026-04-19T18:06:51","guid":{"rendered":"https:\/\/articmonpettito.articagency.net\/meli-basic-tech-520-pcs\/"},"modified":"2026-04-19T18:07:15","modified_gmt":"2026-04-19T18:07:15","slug":"meli-basic-tech-520-pcs","status":"publish","type":"product","link":"https:\/\/articmonpettito.articagency.net\/ca\/meli-basic-tech-520-pcs\/","title":{"rendered":"MELI Basic Tech+ 520 pcs"},"content":{"rendered":"<p><span>Compatible con Meli Basic, Cube y Stik<\/span><\/p>\n<h5>Materiales seguros libres de BPA, PVC o Ftalatos. Comple con la normativa EN-71<\/h5>\n<h5>Suave y flexible. Es agradable al tacto, ideal para manos peque\u00f1as<\/h5>\n<h5>Fabricado en Europa<\/h5>\n<p><\/p>\n<p><\/p>","protected":false},"excerpt":{"rendered":"<p><span>\u00bfLes encanta construir, pero quiere creaciones que se muevan y giren?<\/span><span>\u00a0<\/span><span>En MELI Basic Tech+ 520 piezas e<\/span><span>ncontrar\u00e1s ruedas, ejes y piezas t\u00e9cnicas especiales que dan vida a las construcciones.<\/span><span>\u00a0<\/span><span>Podr\u00e9is crear un coche, un helic\u00f3ptero, un robot o inventar un veh\u00edculo completamente nuevo.<\/span><\/p>\n<h5><span><span>La gama Tech+ les introduce en la mec\u00e1nica a trav\u00e9s del juego.<\/span>\u00a0<span>Al combinar piezas planas con ruedas y ejes, los peque\u00f1os constructores aprenden c\u00f3mo funcionan los mecanismos simples.<\/span>\u00a0<span>Es una excelente preparaci\u00f3n para futuros sets de construcci\u00f3n m\u00e1s avanzados.<\/span>\u00a0<span>Si buscas juguetes educativos que realmente desarrollen la imaginaci\u00f3n espacial, este es el indicado.\u00a0<\/span><\/span><\/h5>\n<h5><span><span>Basic Tech+ fomenta el desarrollo de la motricidad fina: conectar las piezas con cuidado requiere concentraci\u00f3n y destreza.<\/span>\u00a0<span>Al mismo tiempo, desarrolla el pensamiento l\u00f3gico: los ni\u00f1os planifican su construcci\u00f3n, la prueban y corrigen errores.<\/span>\u00a0<span>El set incluye un folleto con modelos de ejemplo para el aprendizaje.<\/span><\/span><\/h5>\n<p>+ 3 a\u00f1os<\/p>\n<p><\/p>\n<h5><\/h5>","protected":false},"featured_media":520,"comment_status":"open","ping_status":"closed","template":"","meta":[],"product_brand":[],"product_cat":[137,61,64,60],"product_tag":[],"class_list":{"0":"post-519","1":"product","2":"type-product","3":"status-publish","4":"has-post-thumbnail","6":"product_cat-10-anos","7":"product_cat-construccion","8":"product_cat-construccion-tecnica-mecanica-y-robotica","9":"product_cat-juguetes","10":"pa_marca-meli","11":"pa_sa_color-color-unico","12":"pa_sa_size-talla-unica","13":"pa_sa_talla-talla-unica","15":"first","16":"instock","17":"shipping-taxable","18":"purchasable","19":"product-type-simple"},"_links":{"self":[{"href":"https:\/\/articmonpettito.articagency.net\/ca\/wp-json\/wp\/v2\/product\/519","targetHints":{"allow":["GET"]}}],"collection":[{"href":"https:\/\/articmonpettito.articagency.net\/ca\/wp-json\/wp\/v2\/product"}],"about":[{"href":"https:\/\/articmonpettito.articagency.net\/ca\/wp-json\/wp\/v2\/types\/product"}],"replies":[{"embeddable":true,"href":"https:\/\/articmonpettito.articagency.net\/ca\/wp-json\/wp\/v2\/comments?post=519"}],"wp:featuredmedia":[{"embeddable":true,"href":"https:\/\/articmonpettito.articagency.net\/ca\/wp-json\/wp\/v2\/media\/520"}],"wp:attachment":[{"href":"https:\/\/articmonpettito.articagency.net\/ca\/wp-json\/wp\/v2\/media?parent=519"}],"wp:term":[{"taxonomy":"product_brand","embeddable":true,"href":"https:\/\/articmonpettito.articagency.net\/ca\/wp-json\/wp\/v2\/product_brand?post=519"},{"taxonomy":"product_cat","embeddable":true,"href":"https:\/\/articmonpettito.articagency.net\/ca\/wp-json\/wp\/v2\/product_cat?post=519"},{"taxonomy":"product_tag","embeddable":true,"href":"https:\/\/articmonpettito.articagency.net\/ca\/wp-json\/wp\/v2\/product_tag?post=519"}],"curies":[{"name":"wp","href":"https:\/\/api.w.org\/{rel}","templated":true}]}}