{"id":665,"date":"2026-04-19T18:14:15","date_gmt":"2026-04-19T18:14:15","guid":{"rendered":"https:\/\/articmonpettito.articagency.net\/crew-pack-azulverde-clixo\/"},"modified":"2026-05-01T17:31:11","modified_gmt":"2026-05-01T17:31:11","slug":"crew-pack-azulverde-clixo","status":"publish","type":"product","link":"https:\/\/articmonpettito.articagency.net\/ca\/crew-pack-azulverde-clixo\/","title":{"rendered":"Crew Pack &#8211; Azul\/Verde &#8211; CLIXO"},"content":{"rendered":"","protected":false},"excerpt":{"rendered":"<\/p>\n<h5><span><\/span><\/h5>\n<h5>El pack Crew ofrece una avalancha de posibilidades creativas, desde molinillos hasta h\u00e9lices. Contiene 30 piezas en 8 formas \u00fanicas de CLIXO, incluidas 3 &#34;spinners&#34; para poder construir creaciones que giren sobre s\u00ed mismas.<\/h5>\n<p>Edad: + 4 a\u00f1os<\/p>\n<p><\/p>\n<p><\/p>\n<p><\/p>\n<p><\/p><\/p>","protected":false},"featured_media":666,"comment_status":"open","ping_status":"closed","template":"","meta":[],"product_brand":[],"product_cat":[137,136,61,62,60],"product_tag":[169],"class_list":{"0":"post-665","1":"product","2":"type-product","3":"status-publish","4":"has-post-thumbnail","6":"product_cat-10-anos","7":"product_cat-6-8-anos","8":"product_cat-construccion","9":"product_cat-construccion-magnetica","10":"product_cat-juguetes","11":"product_tag-8-10-anos","12":"pa_marca-clixo","13":"pa_sa_color-color-unico","14":"pa_sa_edad_recien_nacido-unica","16":"first","17":"instock","18":"shipping-taxable","19":"product-type-variable"},"_links":{"self":[{"href":"https:\/\/articmonpettito.articagency.net\/ca\/wp-json\/wp\/v2\/product\/665","targetHints":{"allow":["GET"]}}],"collection":[{"href":"https:\/\/articmonpettito.articagency.net\/ca\/wp-json\/wp\/v2\/product"}],"about":[{"href":"https:\/\/articmonpettito.articagency.net\/ca\/wp-json\/wp\/v2\/types\/product"}],"replies":[{"embeddable":true,"href":"https:\/\/articmonpettito.articagency.net\/ca\/wp-json\/wp\/v2\/comments?post=665"}],"wp:featuredmedia":[{"embeddable":true,"href":"https:\/\/articmonpettito.articagency.net\/ca\/wp-json\/wp\/v2\/media\/666"}],"wp:attachment":[{"href":"https:\/\/articmonpettito.articagency.net\/ca\/wp-json\/wp\/v2\/media?parent=665"}],"wp:term":[{"taxonomy":"product_brand","embeddable":true,"href":"https:\/\/articmonpettito.articagency.net\/ca\/wp-json\/wp\/v2\/product_brand?post=665"},{"taxonomy":"product_cat","embeddable":true,"href":"https:\/\/articmonpettito.articagency.net\/ca\/wp-json\/wp\/v2\/product_cat?post=665"},{"taxonomy":"product_tag","embeddable":true,"href":"https:\/\/articmonpettito.articagency.net\/ca\/wp-json\/wp\/v2\/product_tag?post=665"}],"curies":[{"name":"wp","href":"https:\/\/api.w.org\/{rel}","templated":true}]}}