{"id":691,"date":"2026-04-19T18:14:54","date_gmt":"2026-04-19T18:14:54","guid":{"rendered":"https:\/\/articmonpettito.articagency.net\/ocean-creatures-pack-clixo\/"},"modified":"2026-05-01T17:31:11","modified_gmt":"2026-05-01T17:31:11","slug":"ocean-creatures-pack-clixo","status":"publish","type":"product","link":"https:\/\/articmonpettito.articagency.net\/ca\/ocean-creatures-pack-clixo\/","title":{"rendered":"Ocean Creatures Pack &#8211; CLIXO"},"content":{"rendered":"","protected":false},"excerpt":{"rendered":"<\/p>\n<h5><\/h5>\n<h5><span ><\/span><\/p>\n<h5>El pack Ocean Creatures contiene piezas nuevas y especiales. Aletas y tent\u00e1culos de CLIXO que brillan en la oscuridad dan vida a las maravillas submarinas. Lleva la inspiraci\u00f3n creativa a lo m\u00e1s profundo, fomenta el aprendizaje STEAM y crea infinitas criaturas submarinas. El pack contiene 24 piezas en 9 formas \u00fanicas de CLIXO.<\/h5>\n<p>Edad: De 6 a 10 a\u00f1os<br \/><\/h5>\n<p><\/p>\n<p><\/p>\n<p><\/p>\n<p><\/p><\/p>","protected":false},"featured_media":692,"comment_status":"open","ping_status":"closed","template":"","meta":[],"product_brand":[],"product_cat":[137,136,61,62,60],"product_tag":[169],"class_list":{"0":"post-691","1":"product","2":"type-product","3":"status-publish","4":"has-post-thumbnail","6":"product_cat-10-anos","7":"product_cat-6-8-anos","8":"product_cat-construccion","9":"product_cat-construccion-magnetica","10":"product_cat-juguetes","11":"product_tag-8-10-anos","12":"pa_marca-clixo","13":"pa_sa_color-color-unico","14":"pa_sa_edad_recien_nacido-unica","16":"first","17":"instock","18":"shipping-taxable","19":"product-type-variable"},"_links":{"self":[{"href":"https:\/\/articmonpettito.articagency.net\/ca\/wp-json\/wp\/v2\/product\/691","targetHints":{"allow":["GET"]}}],"collection":[{"href":"https:\/\/articmonpettito.articagency.net\/ca\/wp-json\/wp\/v2\/product"}],"about":[{"href":"https:\/\/articmonpettito.articagency.net\/ca\/wp-json\/wp\/v2\/types\/product"}],"replies":[{"embeddable":true,"href":"https:\/\/articmonpettito.articagency.net\/ca\/wp-json\/wp\/v2\/comments?post=691"}],"wp:featuredmedia":[{"embeddable":true,"href":"https:\/\/articmonpettito.articagency.net\/ca\/wp-json\/wp\/v2\/media\/692"}],"wp:attachment":[{"href":"https:\/\/articmonpettito.articagency.net\/ca\/wp-json\/wp\/v2\/media?parent=691"}],"wp:term":[{"taxonomy":"product_brand","embeddable":true,"href":"https:\/\/articmonpettito.articagency.net\/ca\/wp-json\/wp\/v2\/product_brand?post=691"},{"taxonomy":"product_cat","embeddable":true,"href":"https:\/\/articmonpettito.articagency.net\/ca\/wp-json\/wp\/v2\/product_cat?post=691"},{"taxonomy":"product_tag","embeddable":true,"href":"https:\/\/articmonpettito.articagency.net\/ca\/wp-json\/wp\/v2\/product_tag?post=691"}],"curies":[{"name":"wp","href":"https:\/\/api.w.org\/{rel}","templated":true}]}}