{"id":727,"date":"2026-04-19T18:15:57","date_gmt":"2026-04-19T18:15:57","guid":{"rendered":"https:\/\/articmonpettito.articagency.net\/itsy-pack-flamingoturquesa-clixo\/"},"modified":"2026-05-01T17:31:11","modified_gmt":"2026-05-01T17:31:11","slug":"itsy-pack-flamingoturquesa-clixo","status":"publish","type":"product","link":"https:\/\/articmonpettito.articagency.net\/ca\/itsy-pack-flamingoturquesa-clixo\/","title":{"rendered":"Itsy Pack &#8211; Flamingo\/Turquesa  &#8211; CLIXO"},"content":{"rendered":"","protected":false},"excerpt":{"rendered":"<\/p>\n<h5><\/h5>\n<h5><\/h5>\n<h5><span ><\/span><\/p>\n<h5>18 piezas en 6 formas \u00fanicas de CLIXO y una gu\u00eda de inicio r\u00e1pido, \u00a1Este pack de iniciaci\u00f3n tiene el tama\u00f1o perfecto para llevarlo de viaje a cualquier sitio, y estar\u00e1 listo inmediatamente para jugar y empezar a construir all\u00e1 donde est\u00e9is!<\/h5>\n<p>Edad: + 4 a\u00f1os<br \/><\/h5>\n<p><\/p>\n<p><\/p>\n<p><\/p>\n<p><\/p>\n<p><\/p><\/p>","protected":false},"featured_media":734,"comment_status":"open","ping_status":"closed","template":"","meta":[],"product_brand":[],"product_cat":[137,136,61,62,60],"product_tag":[169],"class_list":{"0":"post-727","1":"product","2":"type-product","3":"status-publish","4":"has-post-thumbnail","6":"product_cat-10-anos","7":"product_cat-6-8-anos","8":"product_cat-construccion","9":"product_cat-construccion-magnetica","10":"product_cat-juguetes","11":"product_tag-8-10-anos","12":"pa_marca-clixo","13":"pa_sa_color-color-unico","14":"pa_sa_edad_recien_nacido-unica","16":"first","17":"instock","18":"shipping-taxable","19":"product-type-variable"},"_links":{"self":[{"href":"https:\/\/articmonpettito.articagency.net\/ca\/wp-json\/wp\/v2\/product\/727","targetHints":{"allow":["GET"]}}],"collection":[{"href":"https:\/\/articmonpettito.articagency.net\/ca\/wp-json\/wp\/v2\/product"}],"about":[{"href":"https:\/\/articmonpettito.articagency.net\/ca\/wp-json\/wp\/v2\/types\/product"}],"replies":[{"embeddable":true,"href":"https:\/\/articmonpettito.articagency.net\/ca\/wp-json\/wp\/v2\/comments?post=727"}],"wp:featuredmedia":[{"embeddable":true,"href":"https:\/\/articmonpettito.articagency.net\/ca\/wp-json\/wp\/v2\/media\/734"}],"wp:attachment":[{"href":"https:\/\/articmonpettito.articagency.net\/ca\/wp-json\/wp\/v2\/media?parent=727"}],"wp:term":[{"taxonomy":"product_brand","embeddable":true,"href":"https:\/\/articmonpettito.articagency.net\/ca\/wp-json\/wp\/v2\/product_brand?post=727"},{"taxonomy":"product_cat","embeddable":true,"href":"https:\/\/articmonpettito.articagency.net\/ca\/wp-json\/wp\/v2\/product_cat?post=727"},{"taxonomy":"product_tag","embeddable":true,"href":"https:\/\/articmonpettito.articagency.net\/ca\/wp-json\/wp\/v2\/product_tag?post=727"}],"curies":[{"name":"wp","href":"https:\/\/api.w.org\/{rel}","templated":true}]}}