{"id":852,"date":"2026-04-19T18:17:45","date_gmt":"2026-04-19T18:17:45","guid":{"rendered":"https:\/\/articmonpettito.articagency.net\/excavadora-y-robot-2-en-1-immaster\/"},"modified":"2026-04-19T18:17:54","modified_gmt":"2026-04-19T18:17:54","slug":"excavadora-y-robot-2-en-1-immaster","status":"publish","type":"product","link":"https:\/\/articmonpettito.articagency.net\/ca\/excavadora-y-robot-2-en-1-immaster\/","title":{"rendered":"Excavadora y robot 2 en 1 &#8211; iM.Master"},"content":{"rendered":"<h5><\/h5>\n<h5><b style=\"font-size: 1.3rem\">\u00bfPor qu\u00e9 nos encantan?<\/b><\/h5>\n<h5>Porque combinan estilo cl\u00e1sico y moderno.<\/h5>\n<h5>Porque puedes contruirlo t\u00fa mism@ o con amiguis.\u00a0<\/h5>\n<h5>Es un material <b>STEM <\/b>(Ciencia, Tecnolog\u00eda, Ingenieria y Matem\u00e1ticas) con el que jugar\u00e1s y aprender\u00e1s.\u00a0<\/h5>\n<h5>La calidad e sus piezas de construcci\u00f3n es \u00fanica.\u00a0<\/p>\n<p>Incluye 342 Piezas e instrucciones de montaje.<\/h5>\n<h5><b>\u00bfQu\u00e9 incluyen?<\/b><br \/><\/h5>\n<h5>342 piezas que se ensamblan con facilidad.\u00a0<\/h5>\n<h5>Instrucciones de montaje.<\/h5>\n<h5><\/h5>\n<h5><\/h5>\n<h5><\/h5>","protected":false},"excerpt":{"rendered":"<h4><\/h4>\n<\/p>\n<h5>Un kit de construcci\u00f3n para crear un\u00a0<b>Excavadora y robot 2 en 1 de 342 pzas.\u00a0<\/b>de\u00a0<b>iMMaster<\/b>, \u00a1Una ingeniosa combinaci\u00f3n de un excavadora y robot, que presenta una sensacional experiencia 2 en 1! Prep\u00e1rese para sorprenderse con sus dos formas s\u00faper geniales, meticulosamente dise\u00f1adas para replicar perfectamente los principios mec\u00e1nicos, brind\u00e1ndole un encuentro de construcci\u00f3n incomparable.<\/h5>\n<p><span>+ 6 a\u00f1os.<\/span><\/p>","protected":false},"featured_media":863,"comment_status":"open","ping_status":"closed","template":"","meta":[],"product_brand":[],"product_cat":[137,61,64,60],"product_tag":[],"class_list":{"0":"post-852","1":"product","2":"type-product","3":"status-publish","4":"has-post-thumbnail","6":"product_cat-10-anos","7":"product_cat-construccion","8":"product_cat-construccion-tecnica-mecanica-y-robotica","9":"product_cat-juguetes","10":"pa_marca-immaster","11":"pa_sa_color-color-unico","12":"pa_sa_tallas-talla-unica","14":"first","15":"outofstock","16":"shipping-taxable","17":"purchasable","18":"product-type-simple"},"_links":{"self":[{"href":"https:\/\/articmonpettito.articagency.net\/ca\/wp-json\/wp\/v2\/product\/852","targetHints":{"allow":["GET"]}}],"collection":[{"href":"https:\/\/articmonpettito.articagency.net\/ca\/wp-json\/wp\/v2\/product"}],"about":[{"href":"https:\/\/articmonpettito.articagency.net\/ca\/wp-json\/wp\/v2\/types\/product"}],"replies":[{"embeddable":true,"href":"https:\/\/articmonpettito.articagency.net\/ca\/wp-json\/wp\/v2\/comments?post=852"}],"wp:featuredmedia":[{"embeddable":true,"href":"https:\/\/articmonpettito.articagency.net\/ca\/wp-json\/wp\/v2\/media\/863"}],"wp:attachment":[{"href":"https:\/\/articmonpettito.articagency.net\/ca\/wp-json\/wp\/v2\/media?parent=852"}],"wp:term":[{"taxonomy":"product_brand","embeddable":true,"href":"https:\/\/articmonpettito.articagency.net\/ca\/wp-json\/wp\/v2\/product_brand?post=852"},{"taxonomy":"product_cat","embeddable":true,"href":"https:\/\/articmonpettito.articagency.net\/ca\/wp-json\/wp\/v2\/product_cat?post=852"},{"taxonomy":"product_tag","embeddable":true,"href":"https:\/\/articmonpettito.articagency.net\/ca\/wp-json\/wp\/v2\/product_tag?post=852"}],"curies":[{"name":"wp","href":"https:\/\/api.w.org\/{rel}","templated":true}]}}