{"id":430,"date":"2026-03-20T11:55:26","date_gmt":"2026-03-20T11:55:26","guid":{"rendered":"https:\/\/articmonpettito.articagency.net\/?page_id=430"},"modified":"2026-03-20T11:58:06","modified_gmt":"2026-03-20T11:58:06","slug":"politica-de-cookies","status":"publish","type":"page","link":"https:\/\/articmonpettito.articagency.net\/gl\/politica-de-cookies\/","title":{"rendered":"Pol\u00edtica de cookies"},"content":{"rendered":"<div data-elementor-type=\"wp-page\" data-elementor-id=\"430\" class=\"elementor elementor-430\" data-elementor-post-type=\"page\">\n\t\t\t\t<div class=\"elementor-element elementor-element-561bb82 e-flex e-con-boxed e-con e-parent\" data-id=\"561bb82\" data-element_type=\"container\" data-e-type=\"container\">\n\t\t\t\t\t<div class=\"e-con-inner\">\n\t\t\t\t<div class=\"elementor-element elementor-element-5139422 elementor-widget elementor-widget-heading\" data-id=\"5139422\" data-element_type=\"widget\" data-e-type=\"widget\" data-widget_type=\"heading.default\">\n\t\t\t\t\t<h1 class=\"elementor-heading-title elementor-size-default\">Pol\u00edtica de cookies\n<\/h1>\t\t\t\t<\/div>\n\t\t\t\t<div class=\"elementor-element elementor-element-c16bafa elementor-widget elementor-widget-text-editor\" data-id=\"c16bafa\" data-element_type=\"widget\" data-e-type=\"widget\" data-widget_type=\"text-editor.default\">\n\t\t\t\t\t\t\t\t\t<p>En cumplimiento con el deber de informaci\u00f3n recogido en el apartado 2\u00ba del art\u00edculo 22 de la Ley 34\/2002, de 11 de Julio, de Servicios de la Sociedad de la Informaci\u00f3n y del Comercio Electr\u00f3nico, la presente pol\u00edtica de cookies tiene por finalidad informarle de manera clara y precisa sobre las cookies que se utilizan en la p\u00e1gina web de BELEN VALCARCE MARTINEZ.<br \/><br \/><br \/><\/p><h2>\u00bfQu\u00e9 son las cookies?<\/h2><p>Una cookie es un fichero de peque\u00f1o tama\u00f1o que los sitios web env\u00edan al navegador y se descargan en su ordenador. Las cookies permiten que la p\u00e1gina web almacene y recupere la informaci\u00f3n sobre su visita, como su idioma preferido y otras opciones, con el fin de mejorar los servicios que se ofrecen y contribuir a tener una mejor experiencia de navegaci\u00f3n para el usuario.<br \/><br \/><br \/><\/p><h2>Autorizaci\u00f3n para el uso de cookies<\/h2><p>De conformidad con el aviso de cookies que aparece en el sitio web, el usuario acepta que, al navegar por el mismo, consiente expresamente el uso de cookies seg\u00fan la descripci\u00f3n que a continuaci\u00f3n se detalla, sin perjuicio que el usuario pueda modificar la configuraci\u00f3n de su navegador para rechazar el uso de las cookies.<br \/><br \/><br \/><\/p><h2>Tipos de cookies<\/h2><p>En funci\u00f3n de qui\u00e9n gestione el dominio desde donde se env\u00edan las cookies y se traten los datos, se distinguir\u00e1 entre cookies propias y cookies de terceros.<br \/><br \/>Las cookies tambi\u00e9n pueden clasificarse seg\u00fan el plazo de tiempo que permanezcan almacenadas en el navegador del usuario, distingui\u00e9ndose entre cookies de sesi\u00f3n o cookies persistentes.<br \/><br \/>Finalmente, en funci\u00f3n de la finalidad para la que se trate la informaci\u00f3n recopilada, las cookies se pueden clasificar en las siguientes categor\u00edas:<br \/><br \/><\/p><ul><li>Cookies t\u00e9cnicas: permiten al usuario navegar por un sitio web y utilizar algunos de los servicios ofrecidos por el mismo (como, por ejemplo, las que sirven para recordar los elementos integrantes de un carrito de compra).<\/li><li>Cookies de personalizaci\u00f3n: permiten que el usuario acceda al sitio web con unas caracter\u00edsticas determinadas, como puede ser el idioma.<\/li><li>Cookies de seguridad: sirven para impedir o dificultar los ataques contra el sitio web.<\/li><li>Cookies de complemento para intercambiar contenidos sociales: los llamados plug-in, que permiten compartir contenidos en redes sociales.<\/li><li>Cookies de an\u00e1lisis: permiten al responsable el seguimiento del comportamiento del usuario.<\/li><li>Cookies publicitarias: permiten gestionar los espacios de publicidad del sitio web.<\/li><li>Cookies de publicidad comportamental: como las anteriores, sirven para gestionar los espacios de publicidad del sitio web en funci\u00f3n de la informaci\u00f3n recogida sobre el comportamiento del usuario y sus h\u00e1bitos, adaptando la publicidad al perfil del usuario.<\/li><li>Cookies de geolocalizaci\u00f3n: utilizadas para averiguar el pa\u00eds d\u00f3nde se encuentra el usuario.<\/li><\/ul><p><br \/><br \/><\/p><h2>C\u00f3mo modificar la configuraci\u00f3n de las cookies<\/h2><p>Usted puede restringir, bloquear o borrar las cookies de BELEN VALCARCE MARTINEZ o cualquier otra p\u00e1gina web utilizando su navegador. En cada navegador la operativa es diferente, puede encontrar c\u00f3mo hacerlo en el men\u00fa de ayuda de su navegador d\u00f3nde se establece el procedimiento para su eliminaci\u00f3n. Para m\u00e1s informaci\u00f3n:<br \/><br \/><\/p><ul><li>Google Chrome:\u00a0<a href=\"https:\/\/support.google.com\/chrome\/answer\/95647?co=GENIE.Platform%3DDesktop&amp;hl=es\" target=\"_blank\" rel=\"noopener\">https:\/\/support.google.com\/chrome\/answer\/95647?co=GENIE.Platform%3DDesktop&amp;hl=es<\/a><\/li><li>Mozilla Firefox:\u00a0<a href=\"https:\/\/support.mozilla.org\/es\/kb\/habilitar-y-deshabilitar-cookies-sitios-web-rastrear-preferencias\" target=\"_blank\" rel=\"noopener\">https:\/\/support.mozilla.org\/es\/kb\/habilitar-y-deshabilitar-cookies-sitios-web-rastrear-preferencias<\/a><\/li><li>Safari:\u00a0<a href=\"https:\/\/support.apple.com\/es-es\/guide\/safari\/sfri11471\/mac\" target=\"_blank\" rel=\"noopener\">https:\/\/support.apple.com\/es-es\/guide\/safari\/sfri11471\/mac<\/a><\/li><li>Internet Explorer:\u00a0<a href=\"https:\/\/support.microsoft.com\/es-es\/help\/278835\/how-to-delete-cookie-files-in-internet-explorer\" target=\"_blank\" rel=\"noopener\">https:\/\/support.microsoft.com\/es-es\/help\/278835\/how-to-delete-cookie-files-in-internet-explorer<\/a><\/li><\/ul><p><br \/>Es posible que al deshabilitar las cookies la p\u00e1gina web no funcione correctamente o no pueda acceder a determinadas funciones de la misma.<br \/><br \/><br \/><\/p><h2>Cookies utilizadas en la web<\/h2><p>En el portal web se utilizan diferentes tipos de cookies con distintas finalidades, a continuaci\u00f3n, se enumeran las cookies empleadas:<br \/><br \/><b>Google Analytics: (Cookies anal\u00edticas de terceros)<\/b><br \/><br \/>Google, Inc., 1600 Amphitheatre Parkway, Mountain View (California), CA 94043, Estados Unidos (\u201cGoogle\u201d).<br \/><br \/>Google Analytics utiliza \u201ccookies\u201d, que son archivos de texto ubicados en su ordenador, para ayudar al website a analizar el uso que hacen los usuarios del sitio web. La informaci\u00f3n que genera la cookie acerca de su uso del website (incluyendo su direcci\u00f3n IP) ser\u00e1 directamente transmitida y archivada por Google en los servidores de Estados Unidos. Google usar\u00e1 esta informaci\u00f3n, por cuenta nuestra, con el prop\u00f3sito de seguir la pista de su uso del website, recopilando informes de la actividad del website y prestando otros servicios relacionados con la actividad del website y el uso de Internet.<br \/><br \/>Google podr\u00e1 transmitir dicha informaci\u00f3n a terceros cuando as\u00ed se lo requiera la legislaci\u00f3n, o cuando dichos terceros procesen la informaci\u00f3n por cuenta de Google. Google no asociar\u00e1 su direcci\u00f3n IP con ning\u00fan otro dato del que disponga Google.<br \/><br \/>Al utilizar este website Usted consiente el tratamiento de informaci\u00f3n acerca de Usted por Google en la forma y para los fines arriba indicados.<br \/><br \/>En todo caso, le informamos que para instar a la cancelaci\u00f3n de los posibles tratamientos de datos llevados a cabo por Google, deber\u00e1 dirigirse esa compa\u00f1\u00eda, a tal efecto. El prestador no tiene la capacidad t\u00e9cnica ni legal, para proceder al cese en el tratamiento de datos fuera del \u00e1mbito delimitado por los ficheros y medios t\u00e9cnicos de su titularidad. Y no se le podr\u00e1n exigir responsabilidades en este sentido.<br \/><br \/>M\u00e1s informaci\u00f3n en:<br \/><a href=\"https:\/\/www.monpettito.com\/www.google.es\/intl\/es\/policies\/technologies\/types\/\" target=\"_blank\" rel=\"noopener\">www.google.es\/intl\/es\/policies\/technologies\/types\/<\/a><br \/><a href=\"https:\/\/developers.google.com\/analytics\/devguides\/collection\/analyticsjs\/cookie-usage\" target=\"_blank\" rel=\"noopener\">https:\/\/developers.google.com\/analytics\/devguides\/collection\/analyticsjs\/cookie-usage<\/a><br \/><br \/><br \/>Otros servicios prestados por Google, Inc., en el sitio web, que implican la utilizaci\u00f3n de cookies:<br \/><br \/><b>Google AdWords: (Cookies publicitarias de terceros)<\/b><br \/><br \/>Servicios de publicidad patrocinada online prestados por Google Inc. Las cookies son utilizadas por Google para la gesti\u00f3n de los referidos servicios.<br \/><br \/>Datos recabados: N\u00famero IP, historial de b\u00fasqueda, localizaci\u00f3n, ID de dispositivo y n\u00famero de tel\u00e9fono.<br \/><br \/>Adem\u00e1s de: Visionados de publicidad, anal\u00edticos, informaci\u00f3n del navegador, datos de cookies, fecha y hora, datos demogr\u00e1ficos, informaci\u00f3n del software \/ hardware, informaci\u00f3n acerca de interacciones, p\u00e1ginas visitadas, dominios.<br \/><br \/>Para informaci\u00f3n m\u00e1s detallada:<br \/><a href=\"http:\/\/www.google.com\/intl\/en\/policies\/privacy\/\" target=\"_blank\" rel=\"noopener\">http:\/\/www.google.com\/intl\/en\/policies\/privacy\/<\/a><br \/><br \/>Puede usted permitir, bloquear o eliminar las cookies instaladas, mediante la selecci\u00f3n de la configuraci\u00f3n apropiada de su navegador, sin embargo, debe Usted saber que si lo hace puede ser que no pueda usar la plena funcionalidad de este website.<br \/><br \/>Cookies sociales son necesarias para las redes sociales externas (Facebook, Google, Twitter, Pinterest, Instagram, etc\u2026). Su funci\u00f3n es controlar la interacci\u00f3n con los widgets sociales dentro de la p\u00e1gina.<br \/><br \/><br \/><\/p><h2>Modificaci\u00f3n de las condiciones<\/h2><p>BELEN VALCARCE MARTINEZ se reserva expresamente el derecho a modificar unilateralmente, total o parcialmente, sin necesidad de previo aviso, la presente Pol\u00edtica de Cookies. El usuario reconoce y acepta que es su responsabilidad revisar la presente Pol\u00edtica de Cookies.<\/p>\t\t\t\t\t\t\t\t<\/div>\n\t\t\t\t\t<\/div>\n\t\t\t\t<\/div>\n\t\t\t\t<\/div>","protected":false},"excerpt":{"rendered":"<p>Pol\u00edtica de cookies En cumplimiento con el deber de informaci\u00f3n recogido en el apartado 2\u00ba del art\u00edculo 22 de la Ley 34\/2002, de 11 de Julio, de Servicios de la Sociedad de la Informaci\u00f3n y del Comercio Electr\u00f3nico, la presente pol\u00edtica de cookies tiene por finalidad informarle de manera clara y precisa sobre las cookies [&hellip;]<\/p>\n","protected":false},"author":1,"featured_media":0,"parent":0,"menu_order":0,"comment_status":"closed","ping_status":"closed","template":"","meta":{"footnotes":""},"class_list":["post-430","page","type-page","status-publish","hentry"],"_links":{"self":[{"href":"https:\/\/articmonpettito.articagency.net\/gl\/wp-json\/wp\/v2\/pages\/430","targetHints":{"allow":["GET"]}}],"collection":[{"href":"https:\/\/articmonpettito.articagency.net\/gl\/wp-json\/wp\/v2\/pages"}],"about":[{"href":"https:\/\/articmonpettito.articagency.net\/gl\/wp-json\/wp\/v2\/types\/page"}],"author":[{"embeddable":true,"href":"https:\/\/articmonpettito.articagency.net\/gl\/wp-json\/wp\/v2\/users\/1"}],"replies":[{"embeddable":true,"href":"https:\/\/articmonpettito.articagency.net\/gl\/wp-json\/wp\/v2\/comments?post=430"}],"version-history":[{"count":4,"href":"https:\/\/articmonpettito.articagency.net\/gl\/wp-json\/wp\/v2\/pages\/430\/revisions"}],"predecessor-version":[{"id":437,"href":"https:\/\/articmonpettito.articagency.net\/gl\/wp-json\/wp\/v2\/pages\/430\/revisions\/437"}],"wp:attachment":[{"href":"https:\/\/articmonpettito.articagency.net\/gl\/wp-json\/wp\/v2\/media?parent=430"}],"curies":[{"name":"wp","href":"https:\/\/api.w.org\/{rel}","templated":true}]}}