{"id":1004,"date":"2026-04-21T17:37:03","date_gmt":"2026-04-21T17:37:03","guid":{"rendered":"https:\/\/articmonpettito.articagency.net\/nins-mates-y-monedas-grapat\/"},"modified":"2026-05-01T17:31:11","modified_gmt":"2026-05-01T17:31:11","slug":"nins-mates-y-monedas-grapat","status":"publish","type":"product","link":"https:\/\/articmonpettito.articagency.net\/gl\/nins-mates-y-monedas-grapat\/","title":{"rendered":"NINS \u00ae, MATES Y MONEDAS  GRAPAT"},"content":{"rendered":"<\/p>\n<h4>Este conjunto de Nins\u00ae, mates \u00a0y monedas permite el\u00a0<strong>desarrollo del pensamiento l\u00f3gico-matem\u00e1tico a trav\u00e9s de la clasificaci\u00f3n, agrupaci\u00f3n y asociaci\u00f3n<\/strong>\u00a0de elementos a trav\u00e9s del atributo color y\/o forma. Estas acciones favorecen la\u00a0<strong>coordinaci\u00f3n \u00f3culo-manual y las destrezas motrices<\/strong>.\u200b<\/h4>\n<h4><strong>Los Nins\u00ae<\/strong>\u00a0invitan tambi\u00e9n al juego simb\u00f3lico y\u00a0<strong>la creaci\u00f3n de historias y Mini Mundos.<\/strong>\u00a0<\/h4>\n<h4>La versatilidad, lo que permite darle gran cantidad de usos. La apertura de posibilidades de estos materiales\u00a0<strong>favorece el pensamiento creativo y divergente.<\/strong><\/h4>\n<\/p>\n<p><b>Contiene<\/b><\/p>\n<p>6 Nins \u00ae, 6 monedas y 6 mates en los colores del arco iris.<\/p>\n<p>Inlcuye bolsa de tela con tejido Certificado GOT.<\/p>\n<p>Art\u00edculo fabricado bajo la norma de seguridad EN71<\/p>","protected":false},"excerpt":{"rendered":"<h4><\/h4>\n<p><span>Apilar, sacar, meter, tapar, destapar, atravesar\u2026 Es un material sencillo y que permite muchas posibilidades de juego.<\/span><\/p>\n<\/p>\n<p>+ 12 MESES.<\/p>\n<\/p>\n<p><\/p>\n<h4><\/h4>\n<h4>\u00a0<\/h4>","protected":false},"featured_media":1005,"comment_status":"open","ping_status":"closed","template":"","meta":[],"product_brand":[],"product_cat":[134,135,136,61,66,60,73,65],"product_tag":[],"class_list":{"0":"post-1004","1":"product","2":"type-product","3":"status-publish","4":"has-post-thumbnail","6":"product_cat-2-4-anos","7":"product_cat-4-6-anos","8":"product_cat-6-8-anos","9":"product_cat-construccion","10":"product_cat-juego-simbolico","11":"product_cat-juguetes","12":"product_cat-minimundos","13":"product_cat-piezas-sueltas","14":"pa_marca-grapat","15":"pa_sa_color-color-unico","16":"pa_sa_size-talla-unica","18":"first","19":"outofstock","20":"shipping-taxable","21":"product-type-variable"},"_links":{"self":[{"href":"https:\/\/articmonpettito.articagency.net\/gl\/wp-json\/wp\/v2\/product\/1004","targetHints":{"allow":["GET"]}}],"collection":[{"href":"https:\/\/articmonpettito.articagency.net\/gl\/wp-json\/wp\/v2\/product"}],"about":[{"href":"https:\/\/articmonpettito.articagency.net\/gl\/wp-json\/wp\/v2\/types\/product"}],"replies":[{"embeddable":true,"href":"https:\/\/articmonpettito.articagency.net\/gl\/wp-json\/wp\/v2\/comments?post=1004"}],"wp:featuredmedia":[{"embeddable":true,"href":"https:\/\/articmonpettito.articagency.net\/gl\/wp-json\/wp\/v2\/media\/1005"}],"wp:attachment":[{"href":"https:\/\/articmonpettito.articagency.net\/gl\/wp-json\/wp\/v2\/media?parent=1004"}],"wp:term":[{"taxonomy":"product_brand","embeddable":true,"href":"https:\/\/articmonpettito.articagency.net\/gl\/wp-json\/wp\/v2\/product_brand?post=1004"},{"taxonomy":"product_cat","embeddable":true,"href":"https:\/\/articmonpettito.articagency.net\/gl\/wp-json\/wp\/v2\/product_cat?post=1004"},{"taxonomy":"product_tag","embeddable":true,"href":"https:\/\/articmonpettito.articagency.net\/gl\/wp-json\/wp\/v2\/product_tag?post=1004"}],"curies":[{"name":"wp","href":"https:\/\/api.w.org\/{rel}","templated":true}]}}