{"id":1017,"date":"2026-04-21T17:37:33","date_gmt":"2026-04-21T17:37:33","guid":{"rendered":"https:\/\/articmonpettito.articagency.net\/cuencos-y-canicas-grapat\/"},"modified":"2026-05-01T17:31:11","modified_gmt":"2026-05-01T17:31:11","slug":"cuencos-y-canicas-grapat","status":"publish","type":"product","link":"https:\/\/articmonpettito.articagency.net\/gl\/cuencos-y-canicas-grapat\/","title":{"rendered":"CUENCOS Y CANICAS GRAPAT"},"content":{"rendered":"<h4><\/h4>\n<h4><\/h4>\n<h5 >Contiene 6 cuencos y 36 canicas y pinzas.<\/h5>\n<h5 >Incluye bolsa textil con tela Certificado GOT.<\/h5>\n<p><\/p>\n<p><\/p>\n<h4><\/h4>","protected":false},"excerpt":{"rendered":"<h4><\/h4>\n<h4><\/h4>\n<h4><\/h4>\n<h5><\/h5>\n<h5><span >Este material permite el desarrollo del pensamiento l\u00f3gico-matem\u00e1tico y la motricidad. El uso de las pinzas es un buen recurso para mejorar la concentraci\u00f3n y controlar la motricidad fina. Este material polivalente promover\u00e1 una amplia variedad de propuestas como el juego simb\u00f3lico. 6 cuencos ideales para clasificar peque\u00f1os tesoros que los ni\u00f1os quieran guardar, y gran variedad de piezas sueltas\u2026<\/span><\/h5>\n<p>\u200b<span>+ 36 meses<\/span><\/p>\n<h4><\/h4>","protected":false},"featured_media":1018,"comment_status":"open","ping_status":"closed","template":"","meta":[],"product_brand":[],"product_cat":[134,135,106,61,60,65,105],"product_tag":[],"class_list":{"0":"post-1017","1":"product","2":"type-product","3":"status-publish","4":"has-post-thumbnail","6":"product_cat-2-4-anos","7":"product_cat-4-6-anos","8":"product_cat-apilables-y-encajables","9":"product_cat-construccion","10":"product_cat-juguetes","11":"product_cat-piezas-sueltas","12":"product_cat-primeros-juegos","13":"pa_marca-grapat","14":"pa_sa_color-color-unico","15":"pa_sa_tallas-talla-unica","17":"first","18":"instock","19":"shipping-taxable","20":"product-type-variable"},"_links":{"self":[{"href":"https:\/\/articmonpettito.articagency.net\/gl\/wp-json\/wp\/v2\/product\/1017","targetHints":{"allow":["GET"]}}],"collection":[{"href":"https:\/\/articmonpettito.articagency.net\/gl\/wp-json\/wp\/v2\/product"}],"about":[{"href":"https:\/\/articmonpettito.articagency.net\/gl\/wp-json\/wp\/v2\/types\/product"}],"replies":[{"embeddable":true,"href":"https:\/\/articmonpettito.articagency.net\/gl\/wp-json\/wp\/v2\/comments?post=1017"}],"wp:featuredmedia":[{"embeddable":true,"href":"https:\/\/articmonpettito.articagency.net\/gl\/wp-json\/wp\/v2\/media\/1018"}],"wp:attachment":[{"href":"https:\/\/articmonpettito.articagency.net\/gl\/wp-json\/wp\/v2\/media?parent=1017"}],"wp:term":[{"taxonomy":"product_brand","embeddable":true,"href":"https:\/\/articmonpettito.articagency.net\/gl\/wp-json\/wp\/v2\/product_brand?post=1017"},{"taxonomy":"product_cat","embeddable":true,"href":"https:\/\/articmonpettito.articagency.net\/gl\/wp-json\/wp\/v2\/product_cat?post=1017"},{"taxonomy":"product_tag","embeddable":true,"href":"https:\/\/articmonpettito.articagency.net\/gl\/wp-json\/wp\/v2\/product_tag?post=1017"}],"curies":[{"name":"wp","href":"https:\/\/api.w.org\/{rel}","templated":true}]}}