{"id":1025,"date":"2026-04-21T17:37:50","date_gmt":"2026-04-21T17:37:50","guid":{"rendered":"https:\/\/articmonpettito.articagency.net\/la-cesta-de-los-tesoros-grapat\/"},"modified":"2026-05-01T17:31:11","modified_gmt":"2026-05-01T17:31:11","slug":"la-cesta-de-los-tesoros-grapat","status":"publish","type":"product","link":"https:\/\/articmonpettito.articagency.net\/gl\/la-cesta-de-los-tesoros-grapat\/","title":{"rendered":"LA CESTA DE LOS TESOROS &#8211; Grapat"},"content":{"rendered":"<p >Incluye <strong>20 elementos de madera natural tratada con ceras naturales.<\/strong><\/p>\n<p >Edad recomendada <strong>+10 meses<\/strong><\/p>\n<p >Inlcuye <strong>bolsa de tela con tejido Certificado GOT.<\/strong><\/p>\n<p ><img decoding=\"async\" class=\"alignnone wp-image-2585\" src=\"http:\/\/www.grapat.online\/wp-content\/uploads\/2016\/11\/Imagen-1-ce.png\"    \/> <img decoding=\"async\" class=\"alignnone wp-image-2586\" src=\"http:\/\/www.grapat.online\/wp-content\/uploads\/2016\/11\/Imagen-1-km-0.png\"    \/>\u00a0<img decoding=\"async\" class=\"alignnone wp-image-6025\" src=\"http:\/\/www.grapat.eu\/wp-content\/uploads\/2015\/03\/pefc-logo_vertical.png\"    \/><\/p>\n<h4 ><span >Art\u00edculo fabricado bajo la norma de seguridad EN71<\/span><\/h4>","protected":false},"excerpt":{"rendered":"<p>Este juego se compone de diferentes <strong>elementos de madera<\/strong> pensados para ser incluidos dentro de <strong>la cesta de los tesoros<\/strong>.<\/p>\n<p>La cesta es un tipo de propuesta l\u00f3gica-matem\u00e1tica, basada en el juego sensorial y de descubrimiento, uno de los primeros que realizan l@s ni\u00f1@s. El juego de elementos para la cesta de Grapat es una parte de entre todos los materiales que se pueden incluir, atendiendo a la necesidad de poner al alcance de los ni\u00f1os elementos de metal, ropa, naturales, vidrio, etc.<\/p>\n<p><span >Edad recomendada<\/span><span  >\u00a0<\/span><strong >+10 meses<\/strong><\/p>","protected":false},"featured_media":1026,"comment_status":"open","ping_status":"closed","template":"","meta":[],"product_brand":[],"product_cat":[133,134,135,132,110,61,60,65],"product_tag":[185],"class_list":{"0":"post-1025","1":"product","2":"type-product","3":"status-publish","4":"has-post-thumbnail","6":"product_cat-1-2-anos","7":"product_cat-2-4-anos","8":"product_cat-4-6-anos","9":"product_cat-6-12-meses","10":"product_cat-cesto-de-los-tesoros","11":"product_cat-construccion","12":"product_cat-juguetes","13":"product_cat-piezas-sueltas","14":"product_tag-12-18-meses","15":"pa_marca-grapat","16":"pa_sa_color-color-unico","17":"pa_sa_size-talla-unica","19":"first","20":"instock","21":"shipping-taxable","22":"product-type-variable"},"_links":{"self":[{"href":"https:\/\/articmonpettito.articagency.net\/gl\/wp-json\/wp\/v2\/product\/1025","targetHints":{"allow":["GET"]}}],"collection":[{"href":"https:\/\/articmonpettito.articagency.net\/gl\/wp-json\/wp\/v2\/product"}],"about":[{"href":"https:\/\/articmonpettito.articagency.net\/gl\/wp-json\/wp\/v2\/types\/product"}],"replies":[{"embeddable":true,"href":"https:\/\/articmonpettito.articagency.net\/gl\/wp-json\/wp\/v2\/comments?post=1025"}],"wp:featuredmedia":[{"embeddable":true,"href":"https:\/\/articmonpettito.articagency.net\/gl\/wp-json\/wp\/v2\/media\/1026"}],"wp:attachment":[{"href":"https:\/\/articmonpettito.articagency.net\/gl\/wp-json\/wp\/v2\/media?parent=1025"}],"wp:term":[{"taxonomy":"product_brand","embeddable":true,"href":"https:\/\/articmonpettito.articagency.net\/gl\/wp-json\/wp\/v2\/product_brand?post=1025"},{"taxonomy":"product_cat","embeddable":true,"href":"https:\/\/articmonpettito.articagency.net\/gl\/wp-json\/wp\/v2\/product_cat?post=1025"},{"taxonomy":"product_tag","embeddable":true,"href":"https:\/\/articmonpettito.articagency.net\/gl\/wp-json\/wp\/v2\/product_tag?post=1025"}],"curies":[{"name":"wp","href":"https:\/\/api.w.org\/{rel}","templated":true}]}}