{"id":1030,"date":"2026-04-21T17:38:00","date_gmt":"2026-04-21T17:38:00","guid":{"rendered":"https:\/\/articmonpettito.articagency.net\/nins-del-bosque-grapat\/"},"modified":"2026-05-01T17:31:11","modified_gmt":"2026-05-01T17:31:11","slug":"nins-del-bosque-grapat","status":"publish","type":"product","link":"https:\/\/articmonpettito.articagency.net\/gl\/nins-del-bosque-grapat\/","title":{"rendered":"NINS\u00ae DEL BOSQUE &#8211; Grapat"},"content":{"rendered":"<p >REF: <span >16-134<\/span>.<\/p>\n<p >Contiene 3 Nins, 3 Nins con chistera, 3 saquitos de fieltro, 3 gorritos de fieltro, 1 tapete de fieltro, 1 media esfera, 1 cono, 3 setas, 3 monedas, 2 barras peque\u00f1as y 1 barra grande.<br \/><strong>Edad recomendada +12 meses<\/strong><br \/>Inlcuye bolsa de tela con tejido Certificado GOT.<\/p>\n<p ><img decoding=\"async\" class=\"alignnone wp-image-2585\" src=\"http:\/\/www.grapat.online\/wp-content\/uploads\/2016\/11\/Imagen-1-ce.png\"    \/> <img decoding=\"async\" class=\"alignnone wp-image-2586\" src=\"http:\/\/www.grapat.online\/wp-content\/uploads\/2016\/11\/Imagen-1-km-0.png\"    \/>\u00a0<img decoding=\"async\" class=\"alignnone wp-image-6025\" src=\"http:\/\/www.grapat.eu\/wp-content\/uploads\/2015\/03\/pefc-logo_vertical.png\"    \/><\/p>\n<h4 ><span >Art\u00edculo fabricado bajo la norma de seguridad EN71<\/span><\/h4>","protected":false},"excerpt":{"rendered":"<h2>Jugamos en el Bosque<\/h2>\n<p><strong>Un conjunto ideal para juego simb\u00f3lico<\/strong> y para la creaci\u00f3n de historias y la construcci\u00f3n de <strong>Mini Mundos.<\/strong> Sin embargo, combinados con otros materiales <strong>pueden acompa\u00f1ar juegos matem\u00e1ticos, de lenguaje, sensoriales<\/strong>, etc. Adem\u00e1s se trata de un <strong>material no estructurado<\/strong>, lo que permite darle gran cantidad de usos. La apertura de posibilidades de estos materiales <strong>favorece el pensamiento creativo y divergente<\/strong>.<\/p>\n<p>Diversos elementos de juego que son insinuaciones para crear Mini Mundos, esos escenarios en miniatura que invitan a los ni\u00f1os y ni\u00f1as a expresarse y a jugar a trav\u00e9s de sus mundos internos que sacan al exterior desde el juego, la emoci\u00f3n, el movimiento, la imaginaci\u00f3n\u2026 Son muchos los elementos que invitan al juego simb\u00f3lico, a la invenci\u00f3n de cuentos e historias\u2026 Los Nins, con chistera, con sombrero o sin, son los protagonistas de cuentos y leyendas; y los diferentes materiales que los acompa\u00f1an crean escenarios donde vivir y sentir todo un mundo imaginario.<\/p>\n<p>\u00a0<strong >Edad recomendada +12 meses<\/strong><\/p>\n<p><\/p>","protected":false},"featured_media":1031,"comment_status":"open","ping_status":"closed","template":"","meta":[],"product_brand":[],"product_cat":[134,135,136,61,66,60,73,65],"product_tag":[],"class_list":{"0":"post-1030","1":"product","2":"type-product","3":"status-publish","4":"has-post-thumbnail","6":"product_cat-2-4-anos","7":"product_cat-4-6-anos","8":"product_cat-6-8-anos","9":"product_cat-construccion","10":"product_cat-juego-simbolico","11":"product_cat-juguetes","12":"product_cat-minimundos","13":"product_cat-piezas-sueltas","14":"pa_marca-grapat","15":"pa_sa_color-color-unico","16":"pa_sa_size-talla-unica","18":"first","19":"instock","20":"shipping-taxable","21":"product-type-variable"},"_links":{"self":[{"href":"https:\/\/articmonpettito.articagency.net\/gl\/wp-json\/wp\/v2\/product\/1030","targetHints":{"allow":["GET"]}}],"collection":[{"href":"https:\/\/articmonpettito.articagency.net\/gl\/wp-json\/wp\/v2\/product"}],"about":[{"href":"https:\/\/articmonpettito.articagency.net\/gl\/wp-json\/wp\/v2\/types\/product"}],"replies":[{"embeddable":true,"href":"https:\/\/articmonpettito.articagency.net\/gl\/wp-json\/wp\/v2\/comments?post=1030"}],"wp:featuredmedia":[{"embeddable":true,"href":"https:\/\/articmonpettito.articagency.net\/gl\/wp-json\/wp\/v2\/media\/1031"}],"wp:attachment":[{"href":"https:\/\/articmonpettito.articagency.net\/gl\/wp-json\/wp\/v2\/media?parent=1030"}],"wp:term":[{"taxonomy":"product_brand","embeddable":true,"href":"https:\/\/articmonpettito.articagency.net\/gl\/wp-json\/wp\/v2\/product_brand?post=1030"},{"taxonomy":"product_cat","embeddable":true,"href":"https:\/\/articmonpettito.articagency.net\/gl\/wp-json\/wp\/v2\/product_cat?post=1030"},{"taxonomy":"product_tag","embeddable":true,"href":"https:\/\/articmonpettito.articagency.net\/gl\/wp-json\/wp\/v2\/product_tag?post=1030"}],"curies":[{"name":"wp","href":"https:\/\/api.w.org\/{rel}","templated":true}]}}