{"id":1036,"date":"2026-04-21T17:38:14","date_gmt":"2026-04-21T17:38:14","guid":{"rendered":"https:\/\/articmonpettito.articagency.net\/conjunto-aguamarina-otono-grapat\/"},"modified":"2026-05-02T11:23:12","modified_gmt":"2026-05-02T11:23:12","slug":"conjunto-aguamarina-otono-grapat","status":"publish","type":"product","link":"https:\/\/articmonpettito.articagency.net\/gl\/conjunto-aguamarina-otono-grapat\/","title":{"rendered":"CONJUNTO AGUAMARINA OTO\u00d1O GRAPAT"},"content":{"rendered":"<p>Este material les permitir\u00e1 vivenciar y apreciar las muchas maneras en que la naturaleza de su entorno evoluciona y cambia.<br \/>Por eso cada set de la serie Estaciones evoca una estaci\u00f3n y sus elementos se impregnan de los colores del ciclo de la vida.<\/p>\n<p><strong>Los colores del oto\u00f1o<\/strong>\u00a0son c\u00e1lidos y brillantes. Ocres, marrones anaranjados y frondosos verdes. Colores que se funden en una cadencia hermosa como las hojas de oto\u00f1o que caen de los \u00e1rboles.<\/p>\n<p>Contiene: 3 nins\u00ae, 3 nins\u00ae con chistera, 3 mates, 9 anillas, 9 monedas.<\/p>\n<h4 >Art\u00edculo fabricado bajo la norma de seguridad EN71<\/h4>","protected":false},"excerpt":{"rendered":"<p>La naturaleza es como un colorido \u00e1lbum de im\u00e1genes que nos regala una preciosa escena mes tras mes. Da igual donde vivamos, en el campo o en la ciudad, cada estaci\u00f3n tiene su propia belleza, colores y tesoros.<\/p>\n<p>\u00bfY si los colocamos en una mesa de estaci\u00f3n, en ese rinc\u00f3n de casa en el que podemos seguir el ciclo del a\u00f1o?<br \/>Ser\u00e1 como traer un trocito del mundo exterior al interior de nuestro hogar, llen\u00e1ndolo de colores y otros elementos naturales que podemos atesorar.<\/p>\n<p><strong>+12 meses.<\/strong><\/p>","protected":false},"featured_media":1038,"comment_status":"open","ping_status":"closed","template":"","meta":[],"product_brand":[],"product_cat":[134,135,136,61,66,60,73,65],"product_tag":[],"class_list":{"0":"post-1036","1":"product","2":"type-product","3":"status-publish","4":"has-post-thumbnail","6":"product_cat-2-4-anos","7":"product_cat-4-6-anos","8":"product_cat-6-8-anos","9":"product_cat-construccion","10":"product_cat-juego-simbolico","11":"product_cat-juguetes","12":"product_cat-minimundos","13":"product_cat-piezas-sueltas","14":"pa_marca-grapat","15":"pa_sa_color-color-unico","16":"pa_sa_size-talla-unica","18":"first","19":"instock","20":"shipping-taxable","21":"product-type-variable"},"_links":{"self":[{"href":"https:\/\/articmonpettito.articagency.net\/gl\/wp-json\/wp\/v2\/product\/1036","targetHints":{"allow":["GET"]}}],"collection":[{"href":"https:\/\/articmonpettito.articagency.net\/gl\/wp-json\/wp\/v2\/product"}],"about":[{"href":"https:\/\/articmonpettito.articagency.net\/gl\/wp-json\/wp\/v2\/types\/product"}],"replies":[{"embeddable":true,"href":"https:\/\/articmonpettito.articagency.net\/gl\/wp-json\/wp\/v2\/comments?post=1036"}],"wp:featuredmedia":[{"embeddable":true,"href":"https:\/\/articmonpettito.articagency.net\/gl\/wp-json\/wp\/v2\/media\/1038"}],"wp:attachment":[{"href":"https:\/\/articmonpettito.articagency.net\/gl\/wp-json\/wp\/v2\/media?parent=1036"}],"wp:term":[{"taxonomy":"product_brand","embeddable":true,"href":"https:\/\/articmonpettito.articagency.net\/gl\/wp-json\/wp\/v2\/product_brand?post=1036"},{"taxonomy":"product_cat","embeddable":true,"href":"https:\/\/articmonpettito.articagency.net\/gl\/wp-json\/wp\/v2\/product_cat?post=1036"},{"taxonomy":"product_tag","embeddable":true,"href":"https:\/\/articmonpettito.articagency.net\/gl\/wp-json\/wp\/v2\/product_tag?post=1036"}],"curies":[{"name":"wp","href":"https:\/\/api.w.org\/{rel}","templated":true}]}}