{"id":1067,"date":"2026-04-21T17:38:43","date_gmt":"2026-04-21T17:38:43","guid":{"rendered":"https:\/\/articmonpettito.articagency.net\/nins-bebe-grapat\/"},"modified":"2026-05-01T17:31:11","modified_gmt":"2026-05-01T17:31:11","slug":"nins-bebe-grapat","status":"publish","type":"product","link":"https:\/\/articmonpettito.articagency.net\/gl\/nins-bebe-grapat\/","title":{"rendered":"Nins Beb\u00e9 &#8211; GRAPAT"},"content":{"rendered":"","protected":false},"excerpt":{"rendered":"<p >Contiene: 6 peque\u00f1os Nins \u00ae y 1 c\u00e1scara de coco.&#8232;\u00a0Nins\u00ae en miniatura en 6 colores en un rango m\u00e1s claro que los colores b\u00e1sicos.<br \/>Se pueden combinar con el cl\u00e1sico Nin\u00ae que, siendo m\u00e1s peque\u00f1o que estos, puede facilitar una propuesta de juego en la que intervienen diferentes generaciones. La c\u00e1scara de coco contiene, acoge. Un contenedor que puede ser una cuna perfecta, una cama o cualquier cosa que los ni\u00f1os hayan creado con su imaginaci\u00f3n.<\/p>\n<p >Edad recomendada: +36 meses<\/p>","protected":false},"featured_media":1070,"comment_status":"open","ping_status":"closed","template":"","meta":[],"product_brand":[],"product_cat":[134,135,136,61,66,60,73,65],"product_tag":[],"class_list":{"0":"post-1067","1":"product","2":"type-product","3":"status-publish","4":"has-post-thumbnail","6":"product_cat-2-4-anos","7":"product_cat-4-6-anos","8":"product_cat-6-8-anos","9":"product_cat-construccion","10":"product_cat-juego-simbolico","11":"product_cat-juguetes","12":"product_cat-minimundos","13":"product_cat-piezas-sueltas","14":"pa_marca-grapat","15":"pa_sa_color-color-unico","16":"pa_sa_size-talla-unica","18":"first","19":"instock","20":"shipping-taxable","21":"product-type-variable"},"_links":{"self":[{"href":"https:\/\/articmonpettito.articagency.net\/gl\/wp-json\/wp\/v2\/product\/1067","targetHints":{"allow":["GET"]}}],"collection":[{"href":"https:\/\/articmonpettito.articagency.net\/gl\/wp-json\/wp\/v2\/product"}],"about":[{"href":"https:\/\/articmonpettito.articagency.net\/gl\/wp-json\/wp\/v2\/types\/product"}],"replies":[{"embeddable":true,"href":"https:\/\/articmonpettito.articagency.net\/gl\/wp-json\/wp\/v2\/comments?post=1067"}],"wp:featuredmedia":[{"embeddable":true,"href":"https:\/\/articmonpettito.articagency.net\/gl\/wp-json\/wp\/v2\/media\/1070"}],"wp:attachment":[{"href":"https:\/\/articmonpettito.articagency.net\/gl\/wp-json\/wp\/v2\/media?parent=1067"}],"wp:term":[{"taxonomy":"product_brand","embeddable":true,"href":"https:\/\/articmonpettito.articagency.net\/gl\/wp-json\/wp\/v2\/product_brand?post=1067"},{"taxonomy":"product_cat","embeddable":true,"href":"https:\/\/articmonpettito.articagency.net\/gl\/wp-json\/wp\/v2\/product_cat?post=1067"},{"taxonomy":"product_tag","embeddable":true,"href":"https:\/\/articmonpettito.articagency.net\/gl\/wp-json\/wp\/v2\/product_tag?post=1067"}],"curies":[{"name":"wp","href":"https:\/\/api.w.org\/{rel}","templated":true}]}}