{"id":1092,"date":"2026-04-21T17:39:10","date_gmt":"2026-04-21T17:39:10","guid":{"rendered":"https:\/\/articmonpettito.articagency.net\/brots-grapat\/"},"modified":"2026-05-01T17:31:11","modified_gmt":"2026-05-01T17:31:11","slug":"brots-grapat","status":"publish","type":"product","link":"https:\/\/articmonpettito.articagency.net\/gl\/brots-grapat\/","title":{"rendered":"BROTS &#8211; Grapat"},"content":{"rendered":"","protected":false},"excerpt":{"rendered":"<div class=\"page\" title=\"Page 1\">\n<div class=\"layoutArea\">\n<div class=\"column\">\n<h2>\u00bfQu\u00e9 ves aqu\u00ed?<\/h2>\n<p>Hay <strong>dieciocho Brots, unos seres m\u00e1gicos y peque\u00f1os,<\/strong> de dieciocho colores diferentes y unos ojos provocadores que invitan a mirar a trav\u00e9s de la magia y el imaginario del juego de los ni\u00f1os y las ni\u00f1as.<\/p>\n<p>Cuando las manos del ni\u00f1o se acercan a este material ven m\u00e1s all\u00e1 de los colores, y al ser \u00e9stas quienes poseen el sentido m\u00e1s preciado por los peque\u00f1os, tocan la textura de la madera, los bordes redondeados, las caras planas, las esferas&#8230; Las manos &#8220;ven&#8221; la calidad de un material que no brilla por sus colores sino por su calidez y naturalidad.<\/p>\n<\/div>\n<div class=\"page\" title=\"Page 1\">\n<div class=\"layoutArea\">\n<div class=\"column\">\n<p><em>\u00bfQu\u00e9 se puede hacer con esto?<\/em><\/p>\n<p>\u00bfNo lo ves? \u00bfNo lo sientes? D\u00e9jame que te ayude a mirar con ojos y manos de ni\u00f1o&#8230; con una forma que recuerda a las con\u00edferas, <strong>los Brots<\/strong> pueden aprovechar sus <strong>poderes m\u00e1gicos<\/strong>, unos poderes muy especiales que son muy fuertes en los ni\u00f1os, y les permiten ser cualquier cosa. <strong>Tienen la habilidad de convertirse en lo que sea necesario<\/strong>, seg\u00fan el escenario de juego en el que est\u00e9n inmersos. Desde un <strong>\u00e1rbol, a una monta\u00f1a, pasando por un se\u00f1or, un duende o cualquier animal o ser fant\u00e1stico imaginado o pendiente de ser imaginado<\/strong>.<\/p>\n<p>Adem\u00e1s, son unos elementos perfectos para el juego con<strong> Mini Mundos,<\/strong> dada su versatilidad, siendo combinados con elementos naturales, piezas sueltas, otros materiales no estructurados y todo lo que se les pueda ocurrir a los ni\u00f1os (<strong>o los adultos, \u00a1que tambi\u00e9n jugamos!).<\/strong><\/p>\n<p>As\u00ed es como se crea la <strong>magia<\/strong> de <strong>no interferir en el juego infantil que ya es perfecto de por s\u00ed.<\/strong><\/p>\n<\/div>\n<p>&nbsp;<\/p>\n<p>&nbsp;<\/p>\n<p><span class=\"sku\">REF 19-207<\/span>.<\/p>\n<p>18 Brots 70mm altura<br \/>\nEdad recomendada +10<\/p>\n<p>Contiene: 18 piezas en 6 colores que degradan en 3 tonos.<\/p>\n<p><img decoding=\"async\" class=\"alignnone wp-image-2585\" src=\"http:\/\/www.grapat.online\/wp-content\/uploads\/2016\/11\/Imagen-1-ce.png\" alt=\"imagen-1-ce\" width=\"69\" height=\"49\" \/> <img decoding=\"async\" class=\"alignnone wp-image-2586\" src=\"http:\/\/www.grapat.online\/wp-content\/uploads\/2016\/11\/Imagen-1-km-0.png\" alt=\"imagen-1-km-0\" width=\"58\" height=\"58\" \/>\u00a0<img decoding=\"async\" class=\"alignnone wp-image-6025\" src=\"http:\/\/www.grapat.eu\/wp-content\/uploads\/2015\/03\/pefc-logo_vertical.png\" alt=\"\" width=\"97\" height=\"55\" \/><\/p>\n<h4><span class=\"highlight-font\">Art\u00edculo fabricado bajo la norma de seguridad EN71<\/span><\/h4>\n<\/div>\n<\/div>\n<\/div>\n<\/div>","protected":false},"featured_media":1094,"comment_status":"open","ping_status":"closed","template":"","meta":[],"product_brand":[],"product_cat":[134,135,136,61,66,60,73,65],"product_tag":[],"class_list":{"0":"post-1092","1":"product","2":"type-product","3":"status-publish","4":"has-post-thumbnail","6":"product_cat-2-4-anos","7":"product_cat-4-6-anos","8":"product_cat-6-8-anos","9":"product_cat-construccion","10":"product_cat-juego-simbolico","11":"product_cat-juguetes","12":"product_cat-minimundos","13":"product_cat-piezas-sueltas","14":"pa_marca-grapat","15":"pa_sa_color-color-unico","16":"pa_sa_size-talla-unica","18":"first","19":"instock","20":"shipping-taxable","21":"product-type-variable"},"_links":{"self":[{"href":"https:\/\/articmonpettito.articagency.net\/gl\/wp-json\/wp\/v2\/product\/1092","targetHints":{"allow":["GET"]}}],"collection":[{"href":"https:\/\/articmonpettito.articagency.net\/gl\/wp-json\/wp\/v2\/product"}],"about":[{"href":"https:\/\/articmonpettito.articagency.net\/gl\/wp-json\/wp\/v2\/types\/product"}],"replies":[{"embeddable":true,"href":"https:\/\/articmonpettito.articagency.net\/gl\/wp-json\/wp\/v2\/comments?post=1092"}],"wp:featuredmedia":[{"embeddable":true,"href":"https:\/\/articmonpettito.articagency.net\/gl\/wp-json\/wp\/v2\/media\/1094"}],"wp:attachment":[{"href":"https:\/\/articmonpettito.articagency.net\/gl\/wp-json\/wp\/v2\/media?parent=1092"}],"wp:term":[{"taxonomy":"product_brand","embeddable":true,"href":"https:\/\/articmonpettito.articagency.net\/gl\/wp-json\/wp\/v2\/product_brand?post=1092"},{"taxonomy":"product_cat","embeddable":true,"href":"https:\/\/articmonpettito.articagency.net\/gl\/wp-json\/wp\/v2\/product_cat?post=1092"},{"taxonomy":"product_tag","embeddable":true,"href":"https:\/\/articmonpettito.articagency.net\/gl\/wp-json\/wp\/v2\/product_tag?post=1092"}],"curies":[{"name":"wp","href":"https:\/\/api.w.org\/{rel}","templated":true}]}}