{"id":1093,"date":"2026-04-21T17:39:12","date_gmt":"2026-04-21T17:39:12","guid":{"rendered":"https:\/\/articmonpettito.articagency.net\/totem-arcoiris-grapat\/"},"modified":"2026-05-01T17:31:11","modified_gmt":"2026-05-01T17:31:11","slug":"totem-arcoiris-grapat","status":"publish","type":"product","link":"https:\/\/articmonpettito.articagency.net\/gl\/totem-arcoiris-grapat\/","title":{"rendered":"TOTEM ARCOIRIS GRAPAT"},"content":{"rendered":"<p >6 Tomten Nin\u00ae en los colores del Arco Iris de 70 mm de altura.<br \/><strong>Edad recomendada: +12 meses<\/strong><\/p>\n<p ><span >Art\u00edculo fabricado bajo la norma de seguridad EN71<\/span><\/p>","protected":false},"excerpt":{"rendered":"<h2>LA MAGIA DE CREAR<\/h2>\n<p>Los <strong>6 Tomten<\/strong> permiten crear un juego inventado donde sus personajes pueden ser transformados seg\u00fan la imaginaci\u00f3n de cada ni\u00f1o o ni\u00f1a so\u00f1ando mundos. No hay instrucciones ni reglas. Permite a l@s ni\u00f1@s darle la forma que cada un@ de ellos necesita para generar su propia propuesta.<\/p>\n<p>+ 12 MESES.<\/p>","protected":false},"featured_media":1097,"comment_status":"open","ping_status":"closed","template":"","meta":[],"product_brand":[],"product_cat":[134,135,136,61,66,60,73,65],"product_tag":[],"class_list":{"0":"post-1093","1":"product","2":"type-product","3":"status-publish","4":"has-post-thumbnail","6":"product_cat-2-4-anos","7":"product_cat-4-6-anos","8":"product_cat-6-8-anos","9":"product_cat-construccion","10":"product_cat-juego-simbolico","11":"product_cat-juguetes","12":"product_cat-minimundos","13":"product_cat-piezas-sueltas","14":"pa_marca-grapat","15":"pa_sa_color-color-unico","16":"pa_sa_size-talla-unica","18":"first","19":"outofstock","20":"shipping-taxable","21":"product-type-variable"},"_links":{"self":[{"href":"https:\/\/articmonpettito.articagency.net\/gl\/wp-json\/wp\/v2\/product\/1093","targetHints":{"allow":["GET"]}}],"collection":[{"href":"https:\/\/articmonpettito.articagency.net\/gl\/wp-json\/wp\/v2\/product"}],"about":[{"href":"https:\/\/articmonpettito.articagency.net\/gl\/wp-json\/wp\/v2\/types\/product"}],"replies":[{"embeddable":true,"href":"https:\/\/articmonpettito.articagency.net\/gl\/wp-json\/wp\/v2\/comments?post=1093"}],"wp:featuredmedia":[{"embeddable":true,"href":"https:\/\/articmonpettito.articagency.net\/gl\/wp-json\/wp\/v2\/media\/1097"}],"wp:attachment":[{"href":"https:\/\/articmonpettito.articagency.net\/gl\/wp-json\/wp\/v2\/media?parent=1093"}],"wp:term":[{"taxonomy":"product_brand","embeddable":true,"href":"https:\/\/articmonpettito.articagency.net\/gl\/wp-json\/wp\/v2\/product_brand?post=1093"},{"taxonomy":"product_cat","embeddable":true,"href":"https:\/\/articmonpettito.articagency.net\/gl\/wp-json\/wp\/v2\/product_cat?post=1093"},{"taxonomy":"product_tag","embeddable":true,"href":"https:\/\/articmonpettito.articagency.net\/gl\/wp-json\/wp\/v2\/product_tag?post=1093"}],"curies":[{"name":"wp","href":"https:\/\/api.w.org\/{rel}","templated":true}]}}