{"id":1151,"date":"2026-04-21T17:40:11","date_gmt":"2026-04-21T17:40:11","guid":{"rendered":"https:\/\/articmonpettito.articagency.net\/mismatch-grapat\/"},"modified":"2026-05-01T17:31:12","modified_gmt":"2026-05-01T17:31:12","slug":"mismatch-grapat","status":"publish","type":"product","link":"https:\/\/articmonpettito.articagency.net\/gl\/mismatch-grapat\/","title":{"rendered":"MIS&#038;MATCH GRAPAT"},"content":{"rendered":"","protected":false},"excerpt":{"rendered":"<h2><\/h2>\n<p>Mis and Match es una colecci\u00f3n de cubos de colores en una caja clasificadora de madera. Los cubos son multifuncionales. No importa si se usan para jugar libremente o para crear mosaicos, al usarlos los ni\u00f1os experimentar\u00e1n conceptos matem\u00e1ticos y geom\u00e9tricos explor\u00e1ndolos con sus manos. M\u00e1s de 400 cubos peque\u00f1os de madera en 36 colores degradados del arco\u00edris. Incluye una caja clasificadora de madera pintada a mano.<\/p>\n<p>+36 MESES.<\/p>\n<h4><span><\/span><\/h4>\n<p>\u00a0<\/p>","protected":false},"featured_media":1156,"comment_status":"open","ping_status":"closed","template":"","meta":[],"product_brand":[],"product_cat":[134,135,136,61,66,60,73,65],"product_tag":[],"class_list":{"0":"post-1151","1":"product","2":"type-product","3":"status-publish","4":"has-post-thumbnail","6":"product_cat-2-4-anos","7":"product_cat-4-6-anos","8":"product_cat-6-8-anos","9":"product_cat-construccion","10":"product_cat-juego-simbolico","11":"product_cat-juguetes","12":"product_cat-minimundos","13":"product_cat-piezas-sueltas","14":"pa_marca-grapat","15":"pa_sa_color-color-unico","16":"pa_sa_size-talla-unica","18":"first","19":"instock","20":"shipping-taxable","21":"product-type-variable"},"_links":{"self":[{"href":"https:\/\/articmonpettito.articagency.net\/gl\/wp-json\/wp\/v2\/product\/1151","targetHints":{"allow":["GET"]}}],"collection":[{"href":"https:\/\/articmonpettito.articagency.net\/gl\/wp-json\/wp\/v2\/product"}],"about":[{"href":"https:\/\/articmonpettito.articagency.net\/gl\/wp-json\/wp\/v2\/types\/product"}],"replies":[{"embeddable":true,"href":"https:\/\/articmonpettito.articagency.net\/gl\/wp-json\/wp\/v2\/comments?post=1151"}],"wp:featuredmedia":[{"embeddable":true,"href":"https:\/\/articmonpettito.articagency.net\/gl\/wp-json\/wp\/v2\/media\/1156"}],"wp:attachment":[{"href":"https:\/\/articmonpettito.articagency.net\/gl\/wp-json\/wp\/v2\/media?parent=1151"}],"wp:term":[{"taxonomy":"product_brand","embeddable":true,"href":"https:\/\/articmonpettito.articagency.net\/gl\/wp-json\/wp\/v2\/product_brand?post=1151"},{"taxonomy":"product_cat","embeddable":true,"href":"https:\/\/articmonpettito.articagency.net\/gl\/wp-json\/wp\/v2\/product_cat?post=1151"},{"taxonomy":"product_tag","embeddable":true,"href":"https:\/\/articmonpettito.articagency.net\/gl\/wp-json\/wp\/v2\/product_tag?post=1151"}],"curies":[{"name":"wp","href":"https:\/\/api.w.org\/{rel}","templated":true}]}}