{"id":1235,"date":"2026-04-21T17:41:49","date_gmt":"2026-04-21T17:41:49","guid":{"rendered":"https:\/\/articmonpettito.articagency.net\/flower-meadow-grapat\/"},"modified":"2026-05-01T17:31:12","modified_gmt":"2026-05-01T17:31:12","slug":"flower-meadow-grapat","status":"publish","type":"product","link":"https:\/\/articmonpettito.articagency.net\/gl\/flower-meadow-grapat\/","title":{"rendered":"Flower Meadow &#8211; Grapat"},"content":{"rendered":"","protected":false},"excerpt":{"rendered":"<h5><\/h5>\n<h5><\/h5>\n<h5><\/h5>\n<h5><\/h5>\n<h5><\/h5>\n<h5><\/h5>\n<h5><\/h5>\n<h5>\u00bfY si pudieras sostener un jard\u00edn en tus manos? Estas flores de madera pintadas a mano florecen sin necesidad de sol ni agua, listas para alegrar cualquier momento de juego. Perfectas para que las peque\u00f1as manos las recojan, intercambien y organicen en coloridos ramos o coronas de flores. Ya sea un jard\u00edn encantado o un mercado de flores imaginario, estas flores a\u00f1aden un toque de alegr\u00eda y color a cada exploraci\u00f3n l\u00fadica.<\/p>\n<p>Incluye: 18 piezas de diversas formas con alturas que van desde los 17 mm hasta los 45 mm.<\/h5>\n<p><span style=\"font-size: 1.3rem;\">EDAD:\u00a0\u00a0<\/span><span style=\"font-size: 1.3rem;\">+36 MESES<\/span><span style=\"font-size: 1.3rem;\">\u200b<\/span><\/p>\n<h5><\/h5>\n<h5><\/h5>\n<h5>\u200b<\/h5>\n<h5><\/h5>\n<h5><\/h5>\n<h5>\u200b<\/h5>\n<h5><\/h5>\n<h5><\/h5>\n<h5>\u200b<\/h5>\n<h5><\/h5>","protected":false},"featured_media":1239,"comment_status":"open","ping_status":"closed","template":"","meta":[],"product_brand":[],"product_cat":[134,135,136,61,66,60,73,65],"product_tag":[186],"class_list":{"0":"post-1235","1":"product","2":"type-product","3":"status-publish","4":"has-post-thumbnail","6":"product_cat-2-4-anos","7":"product_cat-4-6-anos","8":"product_cat-6-8-anos","9":"product_cat-construccion","10":"product_cat-juego-simbolico","11":"product_cat-juguetes","12":"product_cat-minimundos","13":"product_cat-piezas-sueltas","14":"product_tag-6-12-meses","15":"pa_marca-grapat","16":"pa_sa_color-color-unico","17":"pa_sa_size-talla-unica","19":"first","20":"instock","21":"shipping-taxable","22":"product-type-variable"},"_links":{"self":[{"href":"https:\/\/articmonpettito.articagency.net\/gl\/wp-json\/wp\/v2\/product\/1235","targetHints":{"allow":["GET"]}}],"collection":[{"href":"https:\/\/articmonpettito.articagency.net\/gl\/wp-json\/wp\/v2\/product"}],"about":[{"href":"https:\/\/articmonpettito.articagency.net\/gl\/wp-json\/wp\/v2\/types\/product"}],"replies":[{"embeddable":true,"href":"https:\/\/articmonpettito.articagency.net\/gl\/wp-json\/wp\/v2\/comments?post=1235"}],"wp:featuredmedia":[{"embeddable":true,"href":"https:\/\/articmonpettito.articagency.net\/gl\/wp-json\/wp\/v2\/media\/1239"}],"wp:attachment":[{"href":"https:\/\/articmonpettito.articagency.net\/gl\/wp-json\/wp\/v2\/media?parent=1235"}],"wp:term":[{"taxonomy":"product_brand","embeddable":true,"href":"https:\/\/articmonpettito.articagency.net\/gl\/wp-json\/wp\/v2\/product_brand?post=1235"},{"taxonomy":"product_cat","embeddable":true,"href":"https:\/\/articmonpettito.articagency.net\/gl\/wp-json\/wp\/v2\/product_cat?post=1235"},{"taxonomy":"product_tag","embeddable":true,"href":"https:\/\/articmonpettito.articagency.net\/gl\/wp-json\/wp\/v2\/product_tag?post=1235"}],"curies":[{"name":"wp","href":"https:\/\/api.w.org\/{rel}","templated":true}]}}