{"id":1268,"date":"2026-04-21T17:42:11","date_gmt":"2026-04-21T17:42:11","guid":{"rendered":"https:\/\/articmonpettito.articagency.net\/caja-de-permanencia-grapat\/"},"modified":"2026-05-01T17:31:12","modified_gmt":"2026-05-01T17:31:12","slug":"caja-de-permanencia-grapat","status":"publish","type":"product","link":"https:\/\/articmonpettito.articagency.net\/gl\/caja-de-permanencia-grapat\/","title":{"rendered":"CAJA DE PERMANENCIA GRAPAT"},"content":{"rendered":"<p >Una caja m\u00e1gica para encajar piezas, coleccionar, atesorar o intercambiar. Permite a los beb\u00e9s y ni\u00f1os peque\u00f1os explorar por s\u00ed mismos a trav\u00e9s de todas sus fases de aprendizaje. La caja est\u00e1 pensada para formar el conocimiento en torno al principio de permanencia, pero es un gran complemento para el juego simb\u00f3lico para encajar, clasificar, combinar colores y\u2026 \u00a1un sinf\u00edn de posibilidades m\u00e1s por descubrir!<\/p>\n<p >Tama\u00f1o 162x125x84mm<\/p>","protected":false},"excerpt":{"rendered":"<p >Ahora lo ves, ahora no\u2026 \u00a1Pero bueno, sigue ah\u00ed!<\/p>\n<p >+ 0 MESES.\u00a0<\/p>","protected":false},"featured_media":1273,"comment_status":"open","ping_status":"closed","template":"","meta":[],"product_brand":[],"product_cat":[133,132,110,60],"product_tag":[185],"class_list":{"0":"post-1268","1":"product","2":"type-product","3":"status-publish","4":"has-post-thumbnail","6":"product_cat-1-2-anos","7":"product_cat-6-12-meses","8":"product_cat-cesto-de-los-tesoros","9":"product_cat-juguetes","10":"product_tag-12-18-meses","11":"pa_marca-grapat","12":"pa_sa_color-color-unico","13":"pa_sa_tallas-talla-unica","15":"first","16":"instock","17":"shipping-taxable","18":"product-type-variable"},"_links":{"self":[{"href":"https:\/\/articmonpettito.articagency.net\/gl\/wp-json\/wp\/v2\/product\/1268","targetHints":{"allow":["GET"]}}],"collection":[{"href":"https:\/\/articmonpettito.articagency.net\/gl\/wp-json\/wp\/v2\/product"}],"about":[{"href":"https:\/\/articmonpettito.articagency.net\/gl\/wp-json\/wp\/v2\/types\/product"}],"replies":[{"embeddable":true,"href":"https:\/\/articmonpettito.articagency.net\/gl\/wp-json\/wp\/v2\/comments?post=1268"}],"wp:featuredmedia":[{"embeddable":true,"href":"https:\/\/articmonpettito.articagency.net\/gl\/wp-json\/wp\/v2\/media\/1273"}],"wp:attachment":[{"href":"https:\/\/articmonpettito.articagency.net\/gl\/wp-json\/wp\/v2\/media?parent=1268"}],"wp:term":[{"taxonomy":"product_brand","embeddable":true,"href":"https:\/\/articmonpettito.articagency.net\/gl\/wp-json\/wp\/v2\/product_brand?post=1268"},{"taxonomy":"product_cat","embeddable":true,"href":"https:\/\/articmonpettito.articagency.net\/gl\/wp-json\/wp\/v2\/product_cat?post=1268"},{"taxonomy":"product_tag","embeddable":true,"href":"https:\/\/articmonpettito.articagency.net\/gl\/wp-json\/wp\/v2\/product_tag?post=1268"}],"curies":[{"name":"wp","href":"https:\/\/api.w.org\/{rel}","templated":true}]}}