{"id":615,"date":"2026-04-19T18:11:09","date_gmt":"2026-04-19T18:11:09","guid":{"rendered":"https:\/\/articmonpettito.articagency.net\/meli-maxi-pastel-travel-box-110-pcs\/"},"modified":"2026-04-19T18:11:13","modified_gmt":"2026-04-19T18:11:13","slug":"meli-maxi-pastel-travel-box-110-pcs","status":"publish","type":"product","link":"https:\/\/articmonpettito.articagency.net\/gl\/meli-maxi-pastel-travel-box-110-pcs\/","title":{"rendered":"MELI MAXI PASTEL TRAVEL BOX 110 PCS"},"content":{"rendered":"","protected":false},"excerpt":{"rendered":"<p style=\"font-size: 13px\">Los Meli MAXI son las primeras piezas de construcci\u00f3n para tu peque. Ideales a partir de los 12 meses. De tama\u00f1o perfecto para sus peque\u00f1as manos curiosas.\u00a0<\/p>\n<p style=\"font-size: 13px\">Ofrecen much\u00edsimas posibilidades de juego, apilar, encajar, desarrollar motricidad fina, agrupar por colores, conteo,&#8230;\u00a0<\/p>\n<p style=\"font-size: 13px\">+ 12 meses<\/p>","protected":false},"featured_media":616,"comment_status":"open","ping_status":"closed","template":"","meta":[],"product_brand":[],"product_cat":[133,134,61,64,60],"product_tag":[171,172],"class_list":{"0":"post-615","1":"product","2":"type-product","3":"status-publish","4":"has-post-thumbnail","6":"product_cat-1-2-anos","7":"product_cat-2-4-anos","8":"product_cat-construccion","9":"product_cat-construccion-tecnica-mecanica-y-robotica","10":"product_cat-juguetes","11":"product_tag-12-18-meses-18-24-meses","12":"product_tag-18-24-meses","13":"pa_marca-meli","14":"pa_sa_color-color-unico","15":"pa_sa_size-talla-unica","17":"first","18":"instock","19":"shipping-taxable","20":"purchasable","21":"product-type-simple"},"_links":{"self":[{"href":"https:\/\/articmonpettito.articagency.net\/gl\/wp-json\/wp\/v2\/product\/615","targetHints":{"allow":["GET"]}}],"collection":[{"href":"https:\/\/articmonpettito.articagency.net\/gl\/wp-json\/wp\/v2\/product"}],"about":[{"href":"https:\/\/articmonpettito.articagency.net\/gl\/wp-json\/wp\/v2\/types\/product"}],"replies":[{"embeddable":true,"href":"https:\/\/articmonpettito.articagency.net\/gl\/wp-json\/wp\/v2\/comments?post=615"}],"wp:featuredmedia":[{"embeddable":true,"href":"https:\/\/articmonpettito.articagency.net\/gl\/wp-json\/wp\/v2\/media\/616"}],"wp:attachment":[{"href":"https:\/\/articmonpettito.articagency.net\/gl\/wp-json\/wp\/v2\/media?parent=615"}],"wp:term":[{"taxonomy":"product_brand","embeddable":true,"href":"https:\/\/articmonpettito.articagency.net\/gl\/wp-json\/wp\/v2\/product_brand?post=615"},{"taxonomy":"product_cat","embeddable":true,"href":"https:\/\/articmonpettito.articagency.net\/gl\/wp-json\/wp\/v2\/product_cat?post=615"},{"taxonomy":"product_tag","embeddable":true,"href":"https:\/\/articmonpettito.articagency.net\/gl\/wp-json\/wp\/v2\/product_tag?post=615"}],"curies":[{"name":"wp","href":"https:\/\/api.w.org\/{rel}","templated":true}]}}