{"id":631,"date":"2026-04-19T18:11:27","date_gmt":"2026-04-19T18:11:27","guid":{"rendered":"https:\/\/articmonpettito.articagency.net\/meli-maxi-base-plataforma-azul\/"},"modified":"2026-04-19T18:11:30","modified_gmt":"2026-04-19T18:11:30","slug":"meli-maxi-base-plataforma-azul","status":"publish","type":"product","link":"https:\/\/articmonpettito.articagency.net\/gl\/meli-maxi-base-plataforma-azul\/","title":{"rendered":"MELI MAXI BASE PLATAFORMA AZUL"},"content":{"rendered":"","protected":false},"excerpt":{"rendered":"<p><span>Estas placas de construcci\u00f3n sirven como base para una casa, un zool\u00f3gico, un bosque o incluso una ciudad entera.<\/span><br \/><span>Har\u00e1n que las creaciones de los ni\u00f1@s duren m\u00e1s y le brindar\u00e1n espacio para crear formas a\u00fan m\u00e1s complejas.<\/span><br \/><span>\u00a1Cada paquete de Meli Base Plataforma viene con 6 bases y se pueden unir infinitamente! Los dientes peque\u00f1os en los bordes de cada placa permiten unirlas o separarlas con gran facilidad.<\/span><\/p>\n<p><span>&#8211; Cada caja contiene 6 placas.<\/span><br \/><span>&#8211; La medida de cada placa es de 140 x 140mm<\/span><br \/><span>&#8211; Compatible con toda la gama MAXI<\/span><\/p>\n<p>+ 3 a\u00f1os<\/p><\/p>","protected":false},"featured_media":633,"comment_status":"open","ping_status":"closed","template":"","meta":[],"product_brand":[],"product_cat":[133,134,61,64,60],"product_tag":[],"class_list":{"0":"post-631","1":"product","2":"type-product","3":"status-publish","4":"has-post-thumbnail","6":"product_cat-1-2-anos","7":"product_cat-2-4-anos","8":"product_cat-construccion","9":"product_cat-construccion-tecnica-mecanica-y-robotica","10":"product_cat-juguetes","11":"pa_marca-meli","12":"pa_sa_color-color-unico","13":"pa_sa_tallas-talla-unica","15":"first","16":"instock","17":"shipping-taxable","18":"purchasable","19":"product-type-simple"},"_links":{"self":[{"href":"https:\/\/articmonpettito.articagency.net\/gl\/wp-json\/wp\/v2\/product\/631","targetHints":{"allow":["GET"]}}],"collection":[{"href":"https:\/\/articmonpettito.articagency.net\/gl\/wp-json\/wp\/v2\/product"}],"about":[{"href":"https:\/\/articmonpettito.articagency.net\/gl\/wp-json\/wp\/v2\/types\/product"}],"replies":[{"embeddable":true,"href":"https:\/\/articmonpettito.articagency.net\/gl\/wp-json\/wp\/v2\/comments?post=631"}],"wp:featuredmedia":[{"embeddable":true,"href":"https:\/\/articmonpettito.articagency.net\/gl\/wp-json\/wp\/v2\/media\/633"}],"wp:attachment":[{"href":"https:\/\/articmonpettito.articagency.net\/gl\/wp-json\/wp\/v2\/media?parent=631"}],"wp:term":[{"taxonomy":"product_brand","embeddable":true,"href":"https:\/\/articmonpettito.articagency.net\/gl\/wp-json\/wp\/v2\/product_brand?post=631"},{"taxonomy":"product_cat","embeddable":true,"href":"https:\/\/articmonpettito.articagency.net\/gl\/wp-json\/wp\/v2\/product_cat?post=631"},{"taxonomy":"product_tag","embeddable":true,"href":"https:\/\/articmonpettito.articagency.net\/gl\/wp-json\/wp\/v2\/product_tag?post=631"}],"curies":[{"name":"wp","href":"https:\/\/api.w.org\/{rel}","templated":true}]}}