{"id":685,"date":"2026-04-19T18:14:45","date_gmt":"2026-04-19T18:14:45","guid":{"rendered":"https:\/\/articmonpettito.articagency.net\/dino-adventure-pack-clixo\/"},"modified":"2026-05-01T17:31:11","modified_gmt":"2026-05-01T17:31:11","slug":"dino-adventure-pack-clixo","status":"publish","type":"product","link":"https:\/\/articmonpettito.articagency.net\/gl\/dino-adventure-pack-clixo\/","title":{"rendered":"Dino Adventure Pack &#8211; CLIXO"},"content":{"rendered":"","protected":false},"excerpt":{"rendered":"<h5><\/h5>\n<h5><\/h5>\n<h5><\/h5>\n<h5><span >\u00a1Atenci\u00f3n! \u00a1Ha llegado la hora de embarcarse en una aventura de dinosaurios!<\/span><br \/><span >Con m\u00e1s de 13 nuevas piezas personalizadas y colores y patrones \u00fanicos de tem\u00e1tica jur\u00e1sica.<\/span><br \/><span >\u00a1Construye todos tus dinosaurios favoritos o crea los que a\u00fan no se han descubierto!<\/span><br \/><span >Este pack contiene 36 piezas en 16 formas, colores y patrones.<\/span>\u200b<br \/><\/h5>\n<h5>Edad: + 4 a\u00f1os<\/h5>\n<h5><\/h5>\n<h5><\/h5>\n<h5><\/h5>\n<h5><\/h5>\n<h5><\/h5>","protected":false},"featured_media":686,"comment_status":"open","ping_status":"closed","template":"","meta":[],"product_brand":[],"product_cat":[137,136,61,62,60],"product_tag":[169],"class_list":{"0":"post-685","1":"product","2":"type-product","3":"status-publish","4":"has-post-thumbnail","6":"product_cat-10-anos","7":"product_cat-6-8-anos","8":"product_cat-construccion","9":"product_cat-construccion-magnetica","10":"product_cat-juguetes","11":"product_tag-8-10-anos","12":"pa_marca-clixo","13":"pa_sa_color-color-unico","14":"pa_sa_edad_recien_nacido-unica","16":"first","17":"instock","18":"shipping-taxable","19":"product-type-variable"},"_links":{"self":[{"href":"https:\/\/articmonpettito.articagency.net\/gl\/wp-json\/wp\/v2\/product\/685","targetHints":{"allow":["GET"]}}],"collection":[{"href":"https:\/\/articmonpettito.articagency.net\/gl\/wp-json\/wp\/v2\/product"}],"about":[{"href":"https:\/\/articmonpettito.articagency.net\/gl\/wp-json\/wp\/v2\/types\/product"}],"replies":[{"embeddable":true,"href":"https:\/\/articmonpettito.articagency.net\/gl\/wp-json\/wp\/v2\/comments?post=685"}],"wp:featuredmedia":[{"embeddable":true,"href":"https:\/\/articmonpettito.articagency.net\/gl\/wp-json\/wp\/v2\/media\/686"}],"wp:attachment":[{"href":"https:\/\/articmonpettito.articagency.net\/gl\/wp-json\/wp\/v2\/media?parent=685"}],"wp:term":[{"taxonomy":"product_brand","embeddable":true,"href":"https:\/\/articmonpettito.articagency.net\/gl\/wp-json\/wp\/v2\/product_brand?post=685"},{"taxonomy":"product_cat","embeddable":true,"href":"https:\/\/articmonpettito.articagency.net\/gl\/wp-json\/wp\/v2\/product_cat?post=685"},{"taxonomy":"product_tag","embeddable":true,"href":"https:\/\/articmonpettito.articagency.net\/gl\/wp-json\/wp\/v2\/product_tag?post=685"}],"curies":[{"name":"wp","href":"https:\/\/api.w.org\/{rel}","templated":true}]}}