{"id":707,"date":"2026-04-19T18:15:17","date_gmt":"2026-04-19T18:15:17","guid":{"rendered":"https:\/\/articmonpettito.articagency.net\/wheel-creator-pack-clixo\/"},"modified":"2026-05-01T17:31:11","modified_gmt":"2026-05-01T17:31:11","slug":"wheel-creator-pack-clixo","status":"publish","type":"product","link":"https:\/\/articmonpettito.articagency.net\/gl\/wheel-creator-pack-clixo\/","title":{"rendered":"Wheel Creator Pack &#8211; CLIXO"},"content":{"rendered":"","protected":false},"excerpt":{"rendered":"<\/p>\n<h5><\/h5>\n<h5><\/h5>\n<h5><\/h5>\n<\/p>\n<h5><span><\/span><\/h5>\n<h5>Este pack tiene 72 piezas en 10 formas \u00fanicas de CLIXO, incluidas ruedas y soportes. Las ruedas permiten llevar la experiencia de construcci\u00f3n al movimiento y la velocidad. Ya sea que haga clic en las ruedas de un autom\u00f3vil o de un tren, de un pavo real rodante o de un elefante veloz, este pack lleva a los ni\u00f1os a descubrimientos creativos en movimiento.<\/h5>\n<p>\u00a0+ 6 a\u00f1os<\/p>\n<p><\/p>\n<p><\/p>\n<\/p>\n<p><\/p>\n<p><\/p>\n<p><\/p>\n<p><\/p>\n<p><\/p>\n<p><\/p><\/p>","protected":false},"featured_media":708,"comment_status":"open","ping_status":"closed","template":"","meta":[],"product_brand":[],"product_cat":[137,136,61,62,60],"product_tag":[169],"class_list":{"0":"post-707","1":"product","2":"type-product","3":"status-publish","4":"has-post-thumbnail","6":"product_cat-10-anos","7":"product_cat-6-8-anos","8":"product_cat-construccion","9":"product_cat-construccion-magnetica","10":"product_cat-juguetes","11":"product_tag-8-10-anos","12":"pa_marca-clixo","13":"pa_sa_color-color-unico","14":"pa_sa_edad_recien_nacido-unica","16":"first","17":"instock","18":"shipping-taxable","19":"product-type-variable"},"_links":{"self":[{"href":"https:\/\/articmonpettito.articagency.net\/gl\/wp-json\/wp\/v2\/product\/707","targetHints":{"allow":["GET"]}}],"collection":[{"href":"https:\/\/articmonpettito.articagency.net\/gl\/wp-json\/wp\/v2\/product"}],"about":[{"href":"https:\/\/articmonpettito.articagency.net\/gl\/wp-json\/wp\/v2\/types\/product"}],"replies":[{"embeddable":true,"href":"https:\/\/articmonpettito.articagency.net\/gl\/wp-json\/wp\/v2\/comments?post=707"}],"wp:featuredmedia":[{"embeddable":true,"href":"https:\/\/articmonpettito.articagency.net\/gl\/wp-json\/wp\/v2\/media\/708"}],"wp:attachment":[{"href":"https:\/\/articmonpettito.articagency.net\/gl\/wp-json\/wp\/v2\/media?parent=707"}],"wp:term":[{"taxonomy":"product_brand","embeddable":true,"href":"https:\/\/articmonpettito.articagency.net\/gl\/wp-json\/wp\/v2\/product_brand?post=707"},{"taxonomy":"product_cat","embeddable":true,"href":"https:\/\/articmonpettito.articagency.net\/gl\/wp-json\/wp\/v2\/product_cat?post=707"},{"taxonomy":"product_tag","embeddable":true,"href":"https:\/\/articmonpettito.articagency.net\/gl\/wp-json\/wp\/v2\/product_tag?post=707"}],"curies":[{"name":"wp","href":"https:\/\/api.w.org\/{rel}","templated":true}]}}