{"id":725,"date":"2026-04-19T18:15:45","date_gmt":"2026-04-19T18:15:45","guid":{"rendered":"https:\/\/articmonpettito.articagency.net\/window-pack-clixo\/"},"modified":"2026-05-01T17:31:11","modified_gmt":"2026-05-01T17:31:11","slug":"window-pack-clixo","status":"publish","type":"product","link":"https:\/\/articmonpettito.articagency.net\/gl\/window-pack-clixo\/","title":{"rendered":"Window Pack &#8211; CLIXO"},"content":{"rendered":"","protected":false},"excerpt":{"rendered":"<\/p>\n<h5><\/h5>\n<h5><\/h5>\n<h5><\/h5>\n<\/p>\n<p><span ><\/span><\/p>\n<h5>\u00a1Ampl\u00eda los espacios de juego creativo de los ni\u00f1os con las piezas prism\u00e1ticas hologr\u00e1ficas que refractan la luz y crean arco\u00edris danzantes! El Window pack contiene 24 piezas en 10 formas \u00fanicas de CLIXO, incluidos los accesorios de ventosa (x4). \u00a1Los ni\u00f1os podr\u00e1n construir caras divertidas, tubos colgantes o estructuras en ventanas y azulejos!<\/h5>\n<p><span>Edad: + 4 a\u00f1os<\/span><\/p>\n<p><\/p>\n<\/p>\n<p><\/p>\n<\/p>\n<p><\/p>\n<p><\/p>\n<p><\/p>\n<p><\/p>\n<p><\/p>\n<p><\/p><\/p>","protected":false},"featured_media":726,"comment_status":"open","ping_status":"closed","template":"","meta":[],"product_brand":[],"product_cat":[137,136,61,62,60],"product_tag":[169],"class_list":{"0":"post-725","1":"product","2":"type-product","3":"status-publish","4":"has-post-thumbnail","6":"product_cat-10-anos","7":"product_cat-6-8-anos","8":"product_cat-construccion","9":"product_cat-construccion-magnetica","10":"product_cat-juguetes","11":"product_tag-8-10-anos","12":"pa_marca-clixo","13":"pa_sa_color-color-unico","14":"pa_sa_edad_recien_nacido-unica","16":"first","17":"instock","18":"shipping-taxable","19":"product-type-variable"},"_links":{"self":[{"href":"https:\/\/articmonpettito.articagency.net\/gl\/wp-json\/wp\/v2\/product\/725","targetHints":{"allow":["GET"]}}],"collection":[{"href":"https:\/\/articmonpettito.articagency.net\/gl\/wp-json\/wp\/v2\/product"}],"about":[{"href":"https:\/\/articmonpettito.articagency.net\/gl\/wp-json\/wp\/v2\/types\/product"}],"replies":[{"embeddable":true,"href":"https:\/\/articmonpettito.articagency.net\/gl\/wp-json\/wp\/v2\/comments?post=725"}],"wp:featuredmedia":[{"embeddable":true,"href":"https:\/\/articmonpettito.articagency.net\/gl\/wp-json\/wp\/v2\/media\/726"}],"wp:attachment":[{"href":"https:\/\/articmonpettito.articagency.net\/gl\/wp-json\/wp\/v2\/media?parent=725"}],"wp:term":[{"taxonomy":"product_brand","embeddable":true,"href":"https:\/\/articmonpettito.articagency.net\/gl\/wp-json\/wp\/v2\/product_brand?post=725"},{"taxonomy":"product_cat","embeddable":true,"href":"https:\/\/articmonpettito.articagency.net\/gl\/wp-json\/wp\/v2\/product_cat?post=725"},{"taxonomy":"product_tag","embeddable":true,"href":"https:\/\/articmonpettito.articagency.net\/gl\/wp-json\/wp\/v2\/product_tag?post=725"}],"curies":[{"name":"wp","href":"https:\/\/api.w.org\/{rel}","templated":true}]}}