{"id":762,"date":"2026-04-19T18:16:35","date_gmt":"2026-04-19T18:16:35","guid":{"rendered":"https:\/\/articmonpettito.articagency.net\/bloques-de-construccion-gigi-blocks-60-xxl\/"},"modified":"2026-05-01T17:31:11","modified_gmt":"2026-05-01T17:31:11","slug":"bloques-de-construccion-gigi-blocks-60-xxl","status":"publish","type":"product","link":"https:\/\/articmonpettito.articagency.net\/gl\/bloques-de-construccion-gigi-blocks-60-xxl\/","title":{"rendered":"Bloques de Construcci\u00f3n GIGI BLOCKS 60 XXL"},"content":{"rendered":"<div class=\"imageWithText__image-wrapper imageWithText__image-2-wrap imageWithText__topIndex--true\"><img decoding=\"async\" class=\"imageBox imageWithText__image2\" src=\"https:\/\/cdn.shopify.com\/s\/files\/1\/0275\/5130\/1768\/files\/WhatsApp_Image_2020-04-22_at_14.44.14_600x.jpeg?v=1614934526)\" \/><\/div>\n<div class=\"imageWithText__text\">\n<div class=\"imageWithText__info show-border--false\">\n<h2 class=\"title\">Diversi\u00f3n responsable!<\/h2>\n<div class=\"description\">\n<p>En un mundo obstruido con pl\u00e1stico, quer\u00edamos crear un juguete sostenible y reciclable que diera horas de diversi\u00f3n, sin costarle a la tierra (literalmente).<\/p>\n<p>Los BLOQUES GIGI est\u00e1n hechos de \u00e1rboles en plantaciones sostenibles. Trabajamos con dise\u00f1adores y productores de papel durante m\u00e1s de un a\u00f1o para encontrar el mejor cart\u00f3n para nuestros bloques. Quer\u00edamos un producto sostenible y f\u00e1cil de usar que tuviera la densidad y firmeza correctas. Nuestro cart\u00f3n est\u00e1 hecho de pulpa de madera blanda acabada, sin blanquear, sin papel recuperado agregado. Incluso el pegamento utilizado en nuestra producci\u00f3n de cart\u00f3n es org\u00e1nico y se compone principalmente de almid\u00f3n de trigo de calidad alimentaria. La seguridad de nuestro producto se confirma por el hecho de que est\u00e1 certificado para su uso en contacto directo con cualquier tipo de alimento.<\/p>\n<\/div>\n<\/div>\n<\/div>","protected":false},"excerpt":{"rendered":"<h2><strong>\u00a1Grandes bloques de construcci\u00f3n para grandes imaginaciones!<\/strong><\/h2>\n<p><strong>Construye aventuras de tama\u00f1o real<\/strong> con el juego de bloques de construcci\u00f3n <strong>XXL GIGI BLOKS de 60 piezas<\/strong>. Deja que la imaginaci\u00f3n de tus hij@s cobre vida y construya castillos, fortalezas, torres, naves espaciales, autos de carreras, tiendas, salones de t\u00e9, autobuses, leones, gatos, perros e incluso dragones de tama\u00f1o infantil. \u00a1Si pueden so\u00f1arlo, pueden construirlo con GIGI BLOKS!<\/p>\n<p><strong>Los GIGI BLOKS est\u00e1n hechos de un cart\u00f3n resistente y duradero<\/strong> y, como cualquier otro producto <strong>a base de papel<\/strong>, son lienzos en blanco para la <strong>creatividad<\/strong>. Color\u00e9alas, p\u00edntalas, usa tiza sobre ellas y cuando hayas terminado, \u00a1dales la vuelta y comienza de nuevo con una nueva aventura!<\/p>\n<p><strong>\u00bfQu\u00e9 hay en la caja?<\/strong><br \/>\n\u2022 50 x bloques de unidades dobles (20 x10x10cm)<br \/>\n\u2022 6 x bloques de unidades individuales<br \/>\n\u2022 4 x bloques de unidades triangulares (10 x 10 x 10 cm)<br \/>\n\u2022 Instrucciones f\u00e1ciles de seguir<br \/>\n\u2022 Acceso a ideas creativas de dise\u00f1o<br \/>\n\u2022 \u00a1Horas de diversi\u00f3n imaginativa ilimitada!<\/p>\n<p>&nbsp;<\/p>\n<p><img decoding=\"async\" class=\"htusb-ui-prod-trust-advanced__badge\" src=\"https:\/\/cdn.hextom.com\/badge_pic\/usb\/233783\/d3803865-694c-4ade-99c4-35da2b297db9.png\" alt=\"trust badges\" \/><img decoding=\"async\" class=\"htusb-ui-prod-trust-advanced__badge\" src=\"https:\/\/cdn.hextom.com\/badge_pic\/usb\/233783\/1067fac3-2840-4bb9-b08d-08d9aa47c528.png\" alt=\"trust badges\" \/><img decoding=\"async\" class=\"htusb-ui-prod-trust-advanced__badge\" src=\"https:\/\/cdn.hextom.com\/badge_pic\/usb\/233783\/b4f94aa6-1786-48b8-b3af-4c86ff0f8016.png\" alt=\"trust badges\" \/><\/p>","protected":false},"featured_media":764,"comment_status":"open","ping_status":"closed","template":"","meta":[],"product_brand":[],"product_cat":[135,136,61,63,60],"product_tag":[176],"class_list":{"0":"post-762","1":"product","2":"type-product","3":"status-publish","4":"has-post-thumbnail","6":"product_cat-4-6-anos","7":"product_cat-6-8-anos","8":"product_cat-construccion","9":"product_cat-construccion-en-madera-y-materiales-naturales","10":"product_cat-juguetes","11":"product_tag-4-6-anos","12":"pa_marca-gigi-blocks","13":"pa_sa_color-color-unico","14":"pa_sa_size-talla-unica","16":"first","17":"instock","18":"shipping-taxable","19":"product-type-variable"},"_links":{"self":[{"href":"https:\/\/articmonpettito.articagency.net\/gl\/wp-json\/wp\/v2\/product\/762","targetHints":{"allow":["GET"]}}],"collection":[{"href":"https:\/\/articmonpettito.articagency.net\/gl\/wp-json\/wp\/v2\/product"}],"about":[{"href":"https:\/\/articmonpettito.articagency.net\/gl\/wp-json\/wp\/v2\/types\/product"}],"replies":[{"embeddable":true,"href":"https:\/\/articmonpettito.articagency.net\/gl\/wp-json\/wp\/v2\/comments?post=762"}],"wp:featuredmedia":[{"embeddable":true,"href":"https:\/\/articmonpettito.articagency.net\/gl\/wp-json\/wp\/v2\/media\/764"}],"wp:attachment":[{"href":"https:\/\/articmonpettito.articagency.net\/gl\/wp-json\/wp\/v2\/media?parent=762"}],"wp:term":[{"taxonomy":"product_brand","embeddable":true,"href":"https:\/\/articmonpettito.articagency.net\/gl\/wp-json\/wp\/v2\/product_brand?post=762"},{"taxonomy":"product_cat","embeddable":true,"href":"https:\/\/articmonpettito.articagency.net\/gl\/wp-json\/wp\/v2\/product_cat?post=762"},{"taxonomy":"product_tag","embeddable":true,"href":"https:\/\/articmonpettito.articagency.net\/gl\/wp-json\/wp\/v2\/product_tag?post=762"}],"curies":[{"name":"wp","href":"https:\/\/api.w.org\/{rel}","templated":true}]}}