{"id":774,"date":"2026-04-19T18:16:49","date_gmt":"2026-04-19T18:16:49","guid":{"rendered":"https:\/\/articmonpettito.articagency.net\/gigi-bloks-xl-96-piezas\/"},"modified":"2026-05-01T17:31:11","modified_gmt":"2026-05-01T17:31:11","slug":"gigi-bloks-xl-96-piezas","status":"publish","type":"product","link":"https:\/\/articmonpettito.articagency.net\/gl\/gigi-bloks-xl-96-piezas\/","title":{"rendered":"Gigi Bloks XL 96 Piezas"},"content":{"rendered":"","protected":false},"excerpt":{"rendered":"<p><b>\u00a1Castillos, torres y fortalezas! \u00a1Oh mi! \u00a1El juego de bloques de construcci\u00f3n Most Magical GIGI 96XL est\u00e1 aqu\u00ed!<\/b><\/p>\n<p><span>\u00bfNecesita un conjunto de ladrillos de construcci\u00f3n jumbo resistentes, f\u00e1ciles de montar y convenientes que mantendr\u00e1n a sus hijos entretenidos durante meses o incluso a\u00f1os?<\/span><\/p>\n<\/p>\n<h2><b>\u00a1Presentamos el GIGI Bloks Premium Big Building Blocks XL Set para ni\u00f1@s!<\/b><\/h2>\n<p><span>Estos bloques de construcci\u00f3n de cart\u00f3n gigantes galardonados est\u00e1n dise\u00f1ados espec\u00edficamente para ayudar a su peque\u00f1o a dar rienda suelta a su imaginaci\u00f3n y construir los castillos, fuertes y torres m\u00e1s IMPRESIONANTES, \u00c9PICOS y, sobre todo, \u00a1DE TAMA\u00d1O REAL! \u00a1As\u00ed es! \u00a1Dijimos TAMA\u00d1O REAL! No m\u00e1s peque\u00f1as naves espaciales o submarinos, \u00a1solo para tus figuras de acci\u00f3n! Los megabloques entrelazados de GIGI Bloks te ayudar\u00e1n a construir lo que quieras&#8230; \u00a1para TI!<\/span><\/p>\n<h2><b>Esto es lo que obtienes:<\/b><\/h2>\n<ul>\n<li><span>96 bloques de construcci\u00f3n de cart\u00f3n XL (5,11&#34;x 2,56&#34;x 2,56&#34;)<\/span><\/li>\n<li><span>Instrucciones f\u00e1ciles de seguir<\/span><\/li>\n<\/ul>\n<h2><b>\u00bfY LA MEJOR PARTE?<\/b><span><\/span><\/h2>\n<p><span>Nuestros bloques de cart\u00f3n jumbo utilizan un SISTEMA DE ENCLAVAMIENTO INTELIGENTE que presenta un mecanismo similar a un nido para aumentar la estabilidad. Como resultado, no tiene que preocuparse por arruinar accidentalmente la creaci\u00f3n de su hijo. \u00a1Tenga la seguridad de que sus torres gigantes y robots no se derrumbar\u00e1n incluso si su hijo choca contra ellos! Pi\u00e9nsalo. \u00a1Sin empezar de nuevo, sin dramas!<\/span><\/p><\/p>","protected":false},"featured_media":776,"comment_status":"open","ping_status":"closed","template":"","meta":[],"product_brand":[],"product_cat":[135,136,61,63,60],"product_tag":[178],"class_list":{"0":"post-774","1":"product","2":"type-product","3":"status-publish","4":"has-post-thumbnail","6":"product_cat-4-6-anos","7":"product_cat-6-8-anos","8":"product_cat-construccion","9":"product_cat-construccion-en-madera-y-materiales-naturales","10":"product_cat-juguetes","11":"product_tag-4-6-anos-6-8-anos","12":"pa_marca-gigi-blocks","13":"pa_sa_color-color-unico","14":"pa_sa_size-talla-unica","16":"first","17":"outofstock","18":"shipping-taxable","19":"product-type-variable"},"_links":{"self":[{"href":"https:\/\/articmonpettito.articagency.net\/gl\/wp-json\/wp\/v2\/product\/774","targetHints":{"allow":["GET"]}}],"collection":[{"href":"https:\/\/articmonpettito.articagency.net\/gl\/wp-json\/wp\/v2\/product"}],"about":[{"href":"https:\/\/articmonpettito.articagency.net\/gl\/wp-json\/wp\/v2\/types\/product"}],"replies":[{"embeddable":true,"href":"https:\/\/articmonpettito.articagency.net\/gl\/wp-json\/wp\/v2\/comments?post=774"}],"wp:featuredmedia":[{"embeddable":true,"href":"https:\/\/articmonpettito.articagency.net\/gl\/wp-json\/wp\/v2\/media\/776"}],"wp:attachment":[{"href":"https:\/\/articmonpettito.articagency.net\/gl\/wp-json\/wp\/v2\/media?parent=774"}],"wp:term":[{"taxonomy":"product_brand","embeddable":true,"href":"https:\/\/articmonpettito.articagency.net\/gl\/wp-json\/wp\/v2\/product_brand?post=774"},{"taxonomy":"product_cat","embeddable":true,"href":"https:\/\/articmonpettito.articagency.net\/gl\/wp-json\/wp\/v2\/product_cat?post=774"},{"taxonomy":"product_tag","embeddable":true,"href":"https:\/\/articmonpettito.articagency.net\/gl\/wp-json\/wp\/v2\/product_tag?post=774"}],"curies":[{"name":"wp","href":"https:\/\/api.w.org\/{rel}","templated":true}]}}