{"id":968,"date":"2026-04-19T18:19:02","date_gmt":"2026-04-19T18:19:02","guid":{"rendered":"https:\/\/articmonpettito.articagency.net\/kapla-barril-200-piezas-natural\/"},"modified":"2026-04-19T18:19:12","modified_gmt":"2026-04-19T18:19:12","slug":"kapla-barril-200-piezas-natural","status":"publish","type":"product","link":"https:\/\/articmonpettito.articagency.net\/gl\/kapla-barril-200-piezas-natural\/","title":{"rendered":"KAPLA BARRIL 200 piezas NATURAL"},"content":{"rendered":"<p>Emblema de la marca, el Barril ha acompa\u00f1ado las horas de juego de millones de peque\u00f1os constructores desde la creaci\u00f3n de KAPLA\u00ae.<\/p>\n<p>El Barril KAPLA contiene 200 tablillas, todas id\u00e9nticas, de pino natural de Las Landas. Un manual de instrucciones le ofrece las bases, las t\u00e9cnicas y los modelos.\u00a0<\/p>\n<p>Apile las tablillas de forma sencilla, sin cola ni fijaci\u00f3n, y construya a su capricho&#8230; \u00a1El equilibrio es la \u00fanica norma y la imaginaci\u00f3n el \u00fanico l\u00edmite!\u00a0<\/p>\n<p>Tambi\u00e9n ofrecemos una edici\u00f3n especial: \u00a1el Barril KAPLA firmado personalmente por Tom van der Bruggen, creador de KAPLA\u00ae.<\/p>\n<p>LA MAGIA DE KAPLA\u00ae<\/p>\n<p>Procedentes de bosques franceses 100% renovables, las tablillas KAPLA est\u00e1n hechas de madera natural de pino de Las Landas. Las tablillas de colores est\u00e1n pintadas con pintura alimentaria.<\/p>\n<p>Las tablillas KAPLA, todas del mismo tama\u00f1o, permiten jugar y crear hasta el infinito. Las tablillas se apilan simplemente, sin cola ni fijaciones, y puede construir al capricho de su imaginaci\u00f3n&#8230;<\/p>\n<p>Una construcci\u00f3n KAPLA es ef\u00edmera por naturaleza, y su destrucci\u00f3n es a menudo un acontecimiento tan divertido como su construcci\u00f3n. Al d\u00eda siguiente, esas mismas tablillas dar\u00e1n lugar a otros mundos y estructuras imaginarias&#8230; \u00a1Un juego sin l\u00edmites para horas de creatividad!<\/p>\n<p>&#8211; Natural\u00a0<br \/>Pino de Las Landas 100% natural y sostenible<br \/>&#8211; Universal<br \/>Adecuado a partir de los 2 a\u00f1os, para jugar de forma independiente o en grupo<br \/>&#8211; Sencillo<br \/>Las tablillas, todas id\u00e9nticas, pueden apilarse sin fijar<\/p>\n<p><span>&#8211; Educativo<\/span><br \/><span>Estimula la creatividad, el ingenio, la perseverancia y la destreza<\/span><br \/><span>&#8211; Inagotable<\/span><span>\u00a0<\/span><br \/><span>M\u00f3dulos del mismo tama\u00f1o, infinitas posibilidades de construcci\u00f3n<\/span><\/p>","protected":false},"excerpt":{"rendered":"<p>\u00a1El Barril KAPLA, la referencia ic\u00f3nica de la marca: ya son varias generaciones de constructores que juegan con este barril!<\/p>\n<p>El Barril contiene 200 tablillas, \u00a1la cantidad ideal para iniciarse y dejar que su creatividad se exprese!\u00a0<\/p>\n<p>Contiene: 200 tablillas de madera natural + 1 manual de instrucciones<\/p>\n<\/p>\n<p><i><\/i><\/p>\n<p>A partir de 2 a\u00f1os<\/p>\n<p><i><\/i><\/p>\n<p>Natural<\/p>\n<p><i><\/i><\/p>\n<p>Educativo<\/p>\n<p><i><\/i><\/p>\n<p><\/p>","protected":false},"featured_media":972,"comment_status":"open","ping_status":"closed","template":"","meta":[],"product_brand":[],"product_cat":[137,136,61,63,60],"product_tag":[180,181],"class_list":{"0":"post-968","1":"product","2":"type-product","3":"status-publish","4":"has-post-thumbnail","6":"product_cat-10-anos","7":"product_cat-6-8-anos","8":"product_cat-construccion","9":"product_cat-construccion-en-madera-y-materiales-naturales","10":"product_cat-juguetes","11":"product_tag-6-8-anos-8-10-anos","12":"product_tag-kapla","13":"pa_marca-kapla","14":"pa_sa_color-color-unico","15":"pa_sa_tallas-talla-unica","17":"first","18":"instock","19":"shipping-taxable","20":"purchasable","21":"product-type-simple"},"_links":{"self":[{"href":"https:\/\/articmonpettito.articagency.net\/gl\/wp-json\/wp\/v2\/product\/968","targetHints":{"allow":["GET"]}}],"collection":[{"href":"https:\/\/articmonpettito.articagency.net\/gl\/wp-json\/wp\/v2\/product"}],"about":[{"href":"https:\/\/articmonpettito.articagency.net\/gl\/wp-json\/wp\/v2\/types\/product"}],"replies":[{"embeddable":true,"href":"https:\/\/articmonpettito.articagency.net\/gl\/wp-json\/wp\/v2\/comments?post=968"}],"wp:featuredmedia":[{"embeddable":true,"href":"https:\/\/articmonpettito.articagency.net\/gl\/wp-json\/wp\/v2\/media\/972"}],"wp:attachment":[{"href":"https:\/\/articmonpettito.articagency.net\/gl\/wp-json\/wp\/v2\/media?parent=968"}],"wp:term":[{"taxonomy":"product_brand","embeddable":true,"href":"https:\/\/articmonpettito.articagency.net\/gl\/wp-json\/wp\/v2\/product_brand?post=968"},{"taxonomy":"product_cat","embeddable":true,"href":"https:\/\/articmonpettito.articagency.net\/gl\/wp-json\/wp\/v2\/product_cat?post=968"},{"taxonomy":"product_tag","embeddable":true,"href":"https:\/\/articmonpettito.articagency.net\/gl\/wp-json\/wp\/v2\/product_tag?post=968"}],"curies":[{"name":"wp","href":"https:\/\/api.w.org\/{rel}","templated":true}]}}