{"id":986,"date":"2026-04-19T18:19:15","date_gmt":"2026-04-19T18:19:15","guid":{"rendered":"https:\/\/articmonpettito.articagency.net\/kapla-challenge-16-piezas\/"},"modified":"2026-04-30T18:01:25","modified_gmt":"2026-04-30T18:01:25","slug":"kapla-challenge-16-piezas","status":"publish","type":"product","link":"https:\/\/articmonpettito.articagency.net\/gl\/kapla-challenge-16-piezas\/","title":{"rendered":"KAPLA CHALLENGE 16 PIEZAS"},"content":{"rendered":"<h4><strong>\u00a1Esta caja compacta, que puede llevar a todas partes, est\u00e1 llena de momentos memorables y emociones fuertes! <\/strong><\/h4>\n<h4>Combinando equilibrio, l\u00f3gica y destreza, el juego consiste en reproducir los 12 modelos\u00a0Challenge con 16 tablillas KAPLA. Observe atentamente los modelos de las tarjetas e intente reproducirlos. \u00a1Si consigue realizar su estructura en 3 segundos, ha superado el reto!<\/h4>\n<h4>KAPLA Challenge es un nuevo juego del universo KAPLA<strong>\u00ae<\/strong>. Fomenta la reflexi\u00f3n y la perseverancia para alcanzar el equilibrio perfecto&#8230; Con cada tarjeta, las estructuras se vuelven cada vez m\u00e1s complicadas. Deber\u00e1 recurrir a su l\u00f3gica y su creatividad para encontrar una forma de mantener el equilibrio del desaf\u00edo.<\/h4>\n<h4><strong>LA MAGIA DE KAPLA<\/strong><strong>\u00ae<\/strong><\/h4>\n<h4>Procedentes de bosques franceses 100% renovables, las tablillas KAPLA est\u00e1n hechas de madera de pino natural de Las Landas. Las tablillas de colores est\u00e1n pintadas con pintura alimentaria.<\/h4>\n<h4>Las tablillas KAPLA, todas del mismo tama\u00f1o, permiten jugar y crear hasta el infinito. Las tablillas se apilan simplemente, sin cola ni fijaciones, y puede construir al capricho de su imaginaci\u00f3n&#8230;<\/h4>\n<h4>Una construcci\u00f3n KAPLA es ef\u00edmera por naturaleza, y su destrucci\u00f3n es a menudo un acontecimiento tan divertido como su construcci\u00f3n. Al d\u00eda siguiente, esas mismas tablillas dar\u00e1n lugar a otros mundos y estructuras imaginarias&#8230; \u00a1Un juego sin l\u00edmites para horas de creatividad!<\/h4>\n<h4><strong>&#8211; Natural\u00a0<br \/><\/strong>Pino de Las Landas 100% natural y sostenible<br \/><strong>&#8211; Universal<br \/><\/strong>Adecuado a partir de los 2 a\u00f1os, para jugar de forma independiente o en grupo<br \/><strong>&#8211; Sencillo<br \/><\/strong>Las tablillas, todas id\u00e9nticas, pueden apilarse sin fijar<br \/><strong>&#8211; Educativo<br \/><\/strong>Estimula la creatividad, el ingenio, la perseverancia y la destreza<br \/><strong>&#8211; Inagotable<\/strong> <br \/>M\u00f3dulos del mismo tama\u00f1o, infinitas posibilidades de construcci\u00f3n<\/h4>\n<p><\/p>\n<table>\n<tbody>\n<tr>\n<td><\/td>\n<td><\/td>\n<\/tr>\n<tr>\n<td>Tablillas<\/td>\n<td>16 UNDS<\/td>\n<\/tr>\n<tr>\n<td>Altura<\/td>\n<td>13 cm<\/td>\n<\/tr>\n<tr>\n<td>Anchura<\/td>\n<td>13 cm<\/td>\n<\/tr>\n<tr>\n<td>Profundidad<\/td>\n<td>4 cm<\/td>\n<\/tr>\n<tr>\n<td>Peso<\/td>\n<td>0,3 kg<\/td>\n<\/tr>\n<tr>\n<td><\/td>\n<td><\/td>\n<\/tr>\n<\/tbody>\n<\/table>","protected":false},"excerpt":{"rendered":"<p><strong>\u00a1Un juego de habilidad que cautivar\u00e1 a ni\u00f1os mayores y a adultos!<\/strong><\/p>\n<p>\u00bfPodr\u00e1 reproducir con sus tablillas el modelo de la tarjeta? A partir de 6 a\u00f1os, juegue contra reloj o desaf\u00ede a sus amigos. Pero cuidado: deber\u00e1 controlar sus emociones y sus tablillas, ya que la dificultad sigue aumentado hasta el reto final&#8230;<\/p>\n<p>Contiene: 12 tarjetas &#034;Challenge&#034; + 16 tablillas de madera natural.<\/p>","protected":false},"featured_media":990,"comment_status":"open","ping_status":"closed","template":"","meta":[],"product_brand":[],"product_cat":[137,136,61,63,60],"product_tag":[180,183],"class_list":{"0":"post-986","1":"product","2":"type-product","3":"status-publish","4":"has-post-thumbnail","6":"product_cat-10-anos","7":"product_cat-6-8-anos","8":"product_cat-construccion","9":"product_cat-construccion-en-madera-y-materiales-naturales","10":"product_cat-juguetes","11":"product_tag-6-8-anos-8-10-anos","12":"product_tag-novedad","13":"pa_marca-kapla","14":"pa_sa_color-color-unico","15":"pa_sa_tallas-talla-unica","17":"first","18":"instock","19":"shipping-taxable","20":"purchasable","21":"product-type-simple"},"_links":{"self":[{"href":"https:\/\/articmonpettito.articagency.net\/gl\/wp-json\/wp\/v2\/product\/986","targetHints":{"allow":["GET"]}}],"collection":[{"href":"https:\/\/articmonpettito.articagency.net\/gl\/wp-json\/wp\/v2\/product"}],"about":[{"href":"https:\/\/articmonpettito.articagency.net\/gl\/wp-json\/wp\/v2\/types\/product"}],"replies":[{"embeddable":true,"href":"https:\/\/articmonpettito.articagency.net\/gl\/wp-json\/wp\/v2\/comments?post=986"}],"wp:featuredmedia":[{"embeddable":true,"href":"https:\/\/articmonpettito.articagency.net\/gl\/wp-json\/wp\/v2\/media\/990"}],"wp:attachment":[{"href":"https:\/\/articmonpettito.articagency.net\/gl\/wp-json\/wp\/v2\/media?parent=986"}],"wp:term":[{"taxonomy":"product_brand","embeddable":true,"href":"https:\/\/articmonpettito.articagency.net\/gl\/wp-json\/wp\/v2\/product_brand?post=986"},{"taxonomy":"product_cat","embeddable":true,"href":"https:\/\/articmonpettito.articagency.net\/gl\/wp-json\/wp\/v2\/product_cat?post=986"},{"taxonomy":"product_tag","embeddable":true,"href":"https:\/\/articmonpettito.articagency.net\/gl\/wp-json\/wp\/v2\/product_tag?post=986"}],"curies":[{"name":"wp","href":"https:\/\/api.w.org\/{rel}","templated":true}]}}